
{"id":117,"date":"2018-02-04T18:08:47","date_gmt":"2018-02-04T17:08:47","guid":{"rendered":"http:\/\/www.seelenklopfen.de\/Test\/?page_id=117"},"modified":"2019-10-25T13:02:25","modified_gmt":"2019-10-25T11:02:25","slug":"erschoepfung-burnout","status":"publish","type":"page","link":"https:\/\/www.seelenklopfen.de\/index.php\/erschoepfung-burnout\/","title":{"rendered":"Ersch\u00f6pfung &#038; Burnout"},"content":{"rendered":"<h5><img data-recalc-dims=\"1\" loading=\"lazy\" decoding=\"async\" class=\"alignright wp-image-1988\" src=\"https:\/\/i0.wp.com\/www.seelenklopfen.de\/wp-content\/uploads\/2018\/04\/Burnout1200x800-300x198.jpeg?resize=255%2C168\" alt=\"Ausgebrannte Gl\u00fchbirne\" width=\"255\" height=\"168\" srcset=\"https:\/\/i0.wp.com\/www.seelenklopfen.de\/wp-content\/uploads\/2018\/04\/Burnout1200x800.jpeg?resize=300%2C198&amp;ssl=1 300w, https:\/\/i0.wp.com\/www.seelenklopfen.de\/wp-content\/uploads\/2018\/04\/Burnout1200x800.jpeg?resize=768%2C506&amp;ssl=1 768w, https:\/\/i0.wp.com\/www.seelenklopfen.de\/wp-content\/uploads\/2018\/04\/Burnout1200x800.jpeg?resize=1024%2C675&amp;ssl=1 1024w, https:\/\/i0.wp.com\/www.seelenklopfen.de\/wp-content\/uploads\/2018\/04\/Burnout1200x800.jpeg?resize=830%2C547&amp;ssl=1 830w, https:\/\/i0.wp.com\/www.seelenklopfen.de\/wp-content\/uploads\/2018\/04\/Burnout1200x800.jpeg?resize=230%2C152&amp;ssl=1 230w, https:\/\/i0.wp.com\/www.seelenklopfen.de\/wp-content\/uploads\/2018\/04\/Burnout1200x800.jpeg?resize=350%2C231&amp;ssl=1 350w, https:\/\/i0.wp.com\/www.seelenklopfen.de\/wp-content\/uploads\/2018\/04\/Burnout1200x800.jpeg?resize=480%2C316&amp;ssl=1 480w, https:\/\/i0.wp.com\/www.seelenklopfen.de\/wp-content\/uploads\/2018\/04\/Burnout1200x800.jpeg?w=1200&amp;ssl=1 1200w\" sizes=\"auto, (max-width: 255px) 100vw, 255px\" \/>Depression oder Burnout?<\/h5>\n<p>Ob man es als Burnout bezeichnet oder als <a href=\"http:\/\/www.seelenklopfen.de\/index.php\/depressionen\/\">Ersch\u00f6pfungsdepression<\/a> &#8211; letzten Endes ist beides<strong> ein Zustand tiefster Ersch\u00f6pfung <\/strong>mit ganz \u00e4hnlichen Symptomen. Es ist umstritten, ob eine Unterscheidung \u00fcberhaupt sinnvoll ist. Die einen sagen, dass ein unbehandeltes Burnoutsyndrom in eine schwere Depression \u00fcbergehen kann. Manche glauben auch, die Diagnose Burnout (die in der Klassifikation psychischer St\u00f6rungen ICD-10 gar nicht vorkommt!) sei eine Art Etikettenschwindel, weil Depressionen einen schlechten Ruf haben und man sich keine vermeintliche &#8222;Schw\u00e4che&#8220; eingestehen will. F\u00fcr viele h\u00f6rt sich &#8222;Ausgebranntsein&#8220; irgendwie besser an als &#8222;st\u00e4ndig traurig sein&#8220;. <strong>Burnout klingt nach einem starken Leistungstr\u00e4ger der Gesellschaft<\/strong>, der in seinem anerkennenswerten Job bis zum Umfallen alles gegeben hat. Die Diagnose Burnout kann man in der \u00d6ffentlichkeit leichter preisgeben, weil man damit zeigt, wie unglaublich stark man eigentlich ist. <strong>Depression dagegen erinnert an &#8222;Weichlichkeit&#8220; und &#8222;Schw\u00e4che&#8220; (&#8230;ein gro\u00dfer Junge weint doch nicht!&#8230;)<\/strong>, die aus einem selbst heraus entstanden ist, ohne dass man vorher f\u00fcr einen fordernden Arbeitgeber geschuftet hat.<\/p>\n<p>Gerade in der heutigen Gesellschaft f\u00fchlt es sich f\u00fcr viele sehr unangenehm an, &#8222;schwach&#8220; zu sein und nicht mehr funktionieren zu k\u00f6nnen. <img data-recalc-dims=\"1\" loading=\"lazy\" decoding=\"async\" class=\"alignleft wp-image-1986\" src=\"https:\/\/i0.wp.com\/www.seelenklopfen.de\/wp-content\/uploads\/2018\/04\/Einstein-Zitat-Probleme-l%C3%B6sen-200x300.jpg?resize=185%2C278\" alt=\"&quot;Probleme kann man niemals mit derselben Denkweise l\u00f6sen, durch die sie entstanden sind.&quot; (Albert Einstein)\" width=\"185\" height=\"278\" srcset=\"https:\/\/i0.wp.com\/www.seelenklopfen.de\/wp-content\/uploads\/2018\/04\/Einstein-Zitat-Probleme-l%C3%B6sen.jpg?resize=200%2C300&amp;ssl=1 200w, https:\/\/i0.wp.com\/www.seelenklopfen.de\/wp-content\/uploads\/2018\/04\/Einstein-Zitat-Probleme-l%C3%B6sen.jpg?resize=768%2C1150&amp;ssl=1 768w, https:\/\/i0.wp.com\/www.seelenklopfen.de\/wp-content\/uploads\/2018\/04\/Einstein-Zitat-Probleme-l%C3%B6sen.jpg?resize=684%2C1024&amp;ssl=1 684w, https:\/\/i0.wp.com\/www.seelenklopfen.de\/wp-content\/uploads\/2018\/04\/Einstein-Zitat-Probleme-l%C3%B6sen.jpg?resize=830%2C1243&amp;ssl=1 830w, https:\/\/i0.wp.com\/www.seelenklopfen.de\/wp-content\/uploads\/2018\/04\/Einstein-Zitat-Probleme-l%C3%B6sen.jpg?resize=230%2C344&amp;ssl=1 230w, https:\/\/i0.wp.com\/www.seelenklopfen.de\/wp-content\/uploads\/2018\/04\/Einstein-Zitat-Probleme-l%C3%B6sen.jpg?resize=350%2C524&amp;ssl=1 350w, https:\/\/i0.wp.com\/www.seelenklopfen.de\/wp-content\/uploads\/2018\/04\/Einstein-Zitat-Probleme-l%C3%B6sen.jpg?resize=480%2C719&amp;ssl=1 480w, https:\/\/i0.wp.com\/www.seelenklopfen.de\/wp-content\/uploads\/2018\/04\/Einstein-Zitat-Probleme-l%C3%B6sen.jpg?w=908&amp;ssl=1 908w\" sizes=\"auto, (max-width: 185px) 100vw, 185px\" \/>Vielleicht werden Ersch\u00f6pfungsdepressionen deshalb heute als Burnout bezeichnet, damit man die Verantwortung an seinen anstrengenden Job abgeben kann und selber quasi gar nichts daf\u00fcr kann. Man f\u00fchlt sich mit einem Burnout immer noch st\u00e4rker und funktionsf\u00e4higer als mit einer Depression &#8211; und gehorcht damit brav den Normen der Gesellschaft. Genau hier liegt der Hase im Pfeffer!<\/p>\n<p><strong>Es war genau dieser Wunsch, Unangenehmes nicht f\u00fchlen zu m\u00fcssen und nach au\u00dfen hin stark zu wirken, der in den Burnout hineingef\u00fchrt hat! Diese Strategie eignet sich also nicht wirklich f\u00fcr den R\u00fcckweg in die Heilung!<br \/>\n<\/strong><\/p>\n<p>Erst wenn Du die volle Verantwortung f\u00fcr Deinen Zustand \u00fcbernimmst, Dir all Deine St\u00e4rken und Schw\u00e4chen eingestehst und Dich so annehmen lernst wie Du bist, wird tiefe Heilung m\u00f6glich.<\/p>\n<p>&nbsp;<\/p>\n<p>&nbsp;<\/p>\n<p>&nbsp;<\/p>\n<h5>Mehr zum Thema Ersch\u00f6pfung auf meinem Youtube-Kanal:<\/h5>\n<p><iframe loading=\"lazy\" hcb-fetch-image-from=\"https:\/\/www.youtube.com\/watch?v=86Xh8Vqouw8&amp;t=35s\" width=\"1170\" height=\"658\" src=\"https:\/\/www.youtube.com\/embed\/86Xh8Vqouw8?start=35&#038;feature=oembed\" frameborder=\"0\" allow=\"accelerometer; autoplay; encrypted-media; gyroscope; picture-in-picture\" allowfullscreen><\/iframe><\/p>\n<p>&nbsp;<\/p>\n<h5>Wie kann ich meinen Burnout \u00fcberwinden?<\/h5>\n<p><em>Grunds\u00e4tzlich gibt es aus meiner Sicht keinen gro\u00dfen Unterschied zur \u00dcberwindung einer Depression, deshalb empfehle ich Dir, Dich auch auf meiner <a href=\"http:\/\/www.seelenklopfen.de\/index.php\/depressionen\/\">Depressionsseite<\/a> umzuschauen. Da beim Burnout der Schwerpunkt auf der Ersch\u00f6pfung liegt, geht es vor allem darum, wie Du Deinen Akku wieder aufladen und seine &#8222;undichten Stellen&#8220; beseitigen kannst. Viele praktische Tipps und noch mehr Informationen erh\u00e4ltst Du \u00fcber meinen kostenlosen\u00a0 <a href=\"http:\/\/www.seelenklopfen.de\/index.php\/newsletter\/\">Lebensfreude-Newsletter<\/a>.<br \/>\n<\/em><\/p>\n<h6><strong><br \/>\n1.) Der erste Schritt auf dem Weg in die Heilung besteht darin, die Verantwortung f\u00fcr Deinen Zustand selbst zu \u00fcbernehmen.<\/strong><\/h6>\n<p>Das bedeutet nicht, dass Du selbst Schuld daran bist! Schuld kann vielleicht entstehen, wenn man bewusst und mit Vorsatz etwas tut, was man besser nicht tun sollte. Was Dich in den Burnout gef\u00fchrt hat, waren gr\u00f6\u00dftenteils unbewusste Prozesse; falsche \u00dcberzeugungen \u00fcber Dich und dar\u00fcber, wie Du sein und was Du alles leisten musst.<br \/>\n<img data-recalc-dims=\"1\" loading=\"lazy\" decoding=\"async\" class=\"alignright wp-image-2057\" src=\"https:\/\/i0.wp.com\/www.seelenklopfen.de\/wp-content\/uploads\/2018\/04\/Low-Battery-300x300.png?resize=126%2C126\" alt=\"Akku leer!\" width=\"126\" height=\"126\" srcset=\"https:\/\/i0.wp.com\/www.seelenklopfen.de\/wp-content\/uploads\/2018\/04\/Low-Battery.png?resize=300%2C300&amp;ssl=1 300w, https:\/\/i0.wp.com\/www.seelenklopfen.de\/wp-content\/uploads\/2018\/04\/Low-Battery.png?resize=150%2C150&amp;ssl=1 150w, https:\/\/i0.wp.com\/www.seelenklopfen.de\/wp-content\/uploads\/2018\/04\/Low-Battery.png?resize=768%2C768&amp;ssl=1 768w, https:\/\/i0.wp.com\/www.seelenklopfen.de\/wp-content\/uploads\/2018\/04\/Low-Battery.png?resize=830%2C830&amp;ssl=1 830w, https:\/\/i0.wp.com\/www.seelenklopfen.de\/wp-content\/uploads\/2018\/04\/Low-Battery.png?resize=230%2C230&amp;ssl=1 230w, https:\/\/i0.wp.com\/www.seelenklopfen.de\/wp-content\/uploads\/2018\/04\/Low-Battery.png?resize=350%2C350&amp;ssl=1 350w, https:\/\/i0.wp.com\/www.seelenklopfen.de\/wp-content\/uploads\/2018\/04\/Low-Battery.png?resize=480%2C480&amp;ssl=1 480w, https:\/\/i0.wp.com\/www.seelenklopfen.de\/wp-content\/uploads\/2018\/04\/Low-Battery.png?w=1000&amp;ssl=1 1000w\" sizes=\"auto, (max-width: 126px) 100vw, 126px\" \/>Diese negativen Glaubensmuster haben Dich zu einem Verhalten angetrieben, mit dem Du Dich \u00fcber l\u00e4ngere Zeit hinweg selbst \u00fcberfordert hast. Zu oft hast Du Deine eigenen W\u00fcnsche und Grenzen ignoriert und Dinge getan, die Du im tiefsten Inneren eigentlich nicht wolltest. Permanent einen inneren Widerstand zu \u00fcberwinden, ist sehr anstrengend. Es hat Deinen Akku schneller geleert als Du ihn wieder aufladen konntest.<\/p>\n<p><strong>Warum machen wir Menschen sowas!?<\/strong><br \/>\nWeil in unserem Gehirn immer noch die alten Programme aus unserer Kindheit ablaufen. Wenn wir nicht gehorcht haben, wurden wir bestraft. Wenn wir nicht so waren, wie unsere Eltern uns haben wollten, zu wenig Leistung zeigten oder nicht bereit waren, die Meinung unserer Eltern als die einzig Richtige anzusehen, wurden wir weniger geliebt (zumindest hat es sich so angef\u00fchlt, und das ist es, was z\u00e4hlt). Da unser Gehirn auf \u00dcberleben programmiert ist, ist ein Verlust der Liebe und F\u00fcrsorge unserer Eltern f\u00fcr das Unterbewusstsein nicht akzeptabel. Lieber verbiegen, verstellen und nach der Meinung anderer leben, als den Rauswurf aus der Gemeinschaft zu riskieren. Solange wir diese alten Programme nicht bewusst ver\u00e4ndern, werden wir unser Verhalten den Eltern gegen\u00fcber auf andere (Autorit\u00e4ts-) Personen \u00fcbertragen und weiter so fortf\u00fchren. Eines der effektivsten und wirkungsvollsten Hilfsmittel zum Ver\u00e4ndern der alten Programme ist <a href=\"http:\/\/www.seelenklopfen.de\/index.php\/eft-klopfakupressur\/\">EFT<\/a>.<\/p>\n<p><strong><img data-recalc-dims=\"1\" loading=\"lazy\" decoding=\"async\" class=\" wp-image-2059 alignleft\" src=\"https:\/\/i0.wp.com\/www.seelenklopfen.de\/wp-content\/uploads\/2018\/04\/Depressiv-durchs-Loch-gucken1200x800-300x199.jpg?resize=216%2C143\" alt=\"\" width=\"216\" height=\"143\" srcset=\"https:\/\/i0.wp.com\/www.seelenklopfen.de\/wp-content\/uploads\/2018\/04\/Depressiv-durchs-Loch-gucken1200x800.jpg?resize=300%2C199&amp;ssl=1 300w, https:\/\/i0.wp.com\/www.seelenklopfen.de\/wp-content\/uploads\/2018\/04\/Depressiv-durchs-Loch-gucken1200x800.jpg?resize=768%2C509&amp;ssl=1 768w, https:\/\/i0.wp.com\/www.seelenklopfen.de\/wp-content\/uploads\/2018\/04\/Depressiv-durchs-Loch-gucken1200x800.jpg?resize=1024%2C678&amp;ssl=1 1024w, https:\/\/i0.wp.com\/www.seelenklopfen.de\/wp-content\/uploads\/2018\/04\/Depressiv-durchs-Loch-gucken1200x800.jpg?resize=830%2C550&amp;ssl=1 830w, https:\/\/i0.wp.com\/www.seelenklopfen.de\/wp-content\/uploads\/2018\/04\/Depressiv-durchs-Loch-gucken1200x800.jpg?resize=230%2C152&amp;ssl=1 230w, https:\/\/i0.wp.com\/www.seelenklopfen.de\/wp-content\/uploads\/2018\/04\/Depressiv-durchs-Loch-gucken1200x800.jpg?resize=350%2C232&amp;ssl=1 350w, https:\/\/i0.wp.com\/www.seelenklopfen.de\/wp-content\/uploads\/2018\/04\/Depressiv-durchs-Loch-gucken1200x800.jpg?resize=480%2C318&amp;ssl=1 480w, https:\/\/i0.wp.com\/www.seelenklopfen.de\/wp-content\/uploads\/2018\/04\/Depressiv-durchs-Loch-gucken1200x800.jpg?w=1200&amp;ssl=1 1200w\" sizes=\"auto, (max-width: 216px) 100vw, 216px\" \/>Beginne zu akzeptieren, dass Du es selbst warst, der aufgrund unbewusster, kindlicher \u00dcberlebensmechanismen Deinen Burnout herbeigef\u00fchrt hat. Nicht Dein Arbeitgeber oder irgendjemand anderes. Dich trifft jedoch KEINE Schuld!<br \/>\n<\/strong><\/p>\n<p>&nbsp;<\/p>\n<p>&nbsp;<\/p>\n<h6><strong>2.) Mache Dir im zweiten Schritt Deine emotionalen Stressfaktoren bewusst.<br \/>\n<\/strong><\/h6>\n<p><strong>Stress kann im Inneren und im \u00c4u\u00dferen stattfinden<\/strong>.<br \/>\nVolle Terminkalender, Zeitdruck und wenig Anerkennung durch den Chef sind nur die \u00e4u\u00dferliche Komponente. Entscheidend sind letztlich Deine Gedanken und Gef\u00fchle &#8211; also das, was der \u00e4u\u00dfere Stress innerlich mit Dir macht, und auch Deine inneren Antreiber, die Dich erst in den Stress hineinbringen. Deshalb gen\u00fcgt es nicht, einfach mal Urlaub zu machen, viel spazieren zu gehen und Medikamente zu nehmen, die Dich besser f\u00fchlen lassen.<\/p>\n<p><strong>Habe den Mut und verlasse das gem\u00fctliche Ruhekissen Deiner Verdr\u00e4ngungsmechanismen!<\/strong><br \/>\nBeobachte Dich im Alltag sehr genau. Versuche bewusst zu bemerken, wenn Du beispielsweise ein schlechtes Gewissen hast oder Dir etwas peinlich ist. Scham- und Schuldgef\u00fchle sind gro\u00dfe Energiefresser!<\/p>\n<p><img data-recalc-dims=\"1\" loading=\"lazy\" decoding=\"async\" class=\"size-medium wp-image-2062 alignright\" src=\"https:\/\/i0.wp.com\/www.seelenklopfen.de\/wp-content\/uploads\/2018\/04\/Einsam-in-Menschenmenge-300x169.jpeg?resize=300%2C169\" alt=\"\" width=\"300\" height=\"169\" srcset=\"https:\/\/i0.wp.com\/www.seelenklopfen.de\/wp-content\/uploads\/2018\/04\/Einsam-in-Menschenmenge.jpeg?resize=300%2C169&amp;ssl=1 300w, https:\/\/i0.wp.com\/www.seelenklopfen.de\/wp-content\/uploads\/2018\/04\/Einsam-in-Menschenmenge.jpeg?resize=768%2C432&amp;ssl=1 768w, https:\/\/i0.wp.com\/www.seelenklopfen.de\/wp-content\/uploads\/2018\/04\/Einsam-in-Menschenmenge.jpeg?resize=1024%2C576&amp;ssl=1 1024w, https:\/\/i0.wp.com\/www.seelenklopfen.de\/wp-content\/uploads\/2018\/04\/Einsam-in-Menschenmenge.jpeg?resize=830%2C467&amp;ssl=1 830w, https:\/\/i0.wp.com\/www.seelenklopfen.de\/wp-content\/uploads\/2018\/04\/Einsam-in-Menschenmenge.jpeg?resize=230%2C129&amp;ssl=1 230w, https:\/\/i0.wp.com\/www.seelenklopfen.de\/wp-content\/uploads\/2018\/04\/Einsam-in-Menschenmenge.jpeg?resize=350%2C197&amp;ssl=1 350w, https:\/\/i0.wp.com\/www.seelenklopfen.de\/wp-content\/uploads\/2018\/04\/Einsam-in-Menschenmenge.jpeg?resize=480%2C270&amp;ssl=1 480w, https:\/\/i0.wp.com\/www.seelenklopfen.de\/wp-content\/uploads\/2018\/04\/Einsam-in-Menschenmenge.jpeg?w=1280&amp;ssl=1 1280w\" sizes=\"auto, (max-width: 300px) 100vw, 300px\" \/>Welches Verhalten zeigst Du, um Scham oder Schuld zu vermeiden?<br \/>\nWas tust Du alles aus Angst, dass sonst irgendetwas Unangenehmes passiert? Frage Dich, ob Deine Angst wirklich begr\u00fcndet und realistisch ist.<br \/>\nWenn Dir Deine bef\u00fcrchteten Gef\u00fchle bewusst werden, kannst Du sie <a href=\"http:\/\/www.seelenklopfen.de\/index.php\/eft-klopfakupressur\/\">mit EFT aufl\u00f6sen<\/a>. Du brauchst dann nicht mehr Dein Verhalten daran zu orientieren, ein Aufkommen dieser Gef\u00fchle zu vermeiden. Wenn Du Unterst\u00fctzung dabei brauchst, Dir Deine Gef\u00fchle und Verhaltensmuster bewusst zu machen und zu ver\u00e4ndern, dann <a href=\"http:\/\/www.seelenklopfen.de\/index.php\/kontakt\/\">nimm gerne mit mir Kontakt auf.<\/a><\/p>\n<p>&nbsp;<\/p>\n<h6><strong>3.) Sorge daf\u00fcr, dass Dein K\u00f6rper wieder zu Kr\u00e4ften kommt.<br \/>\n<\/strong><\/h6>\n<p>G\u00f6nne Deinem K\u00f6rper eine Auszeit. Wenn der Arzt Dich wegen Burnout f\u00fcr ein paar Wochen von der Arbeit freigestellt hat, dann fange nicht an, exzessiv Sport zu treiben, um die entstehende Leere zu f\u00fcllen. Lasse die Ruhe einfach mal zu. Am Anfang f\u00fchlt es sich f\u00fcrchterlich an, von 100 auf 0 runterzufahren und nur noch dazusitzen. Du wirst von innerer Unruhe getrieben und kannst das Gef\u00fchl, nichts wert zu sein, weil Du gerade nichts leistest, kaum aushalten. Sage Dir immer wieder: Es ist nur ein Gef\u00fchl! Und es geht vorbei!<\/p>\n<p><strong>Mit dem K\u00f6rper Freundschaft schlie\u00dfen<\/strong><\/p>\n<p>Ich kann Dir folgende neue Angewohnheit w\u00e4rmstens ans Herz legen: <strong>Sprich freundlich und respektvoll mit Deinem K\u00f6rper!<\/strong> Es kommt Dir vielleicht am Anfang etwas komisch vor, mit Deinem K\u00f6rper zu reden. Vielleicht hat Dein zweifelnder Verstand auch direkt ein paar abwertende Spr\u00fcche auf Lager. H\u00f6re einfach nicht hin!<br \/>\nDamit Dein K\u00f6rper wieder ganz gesund und fit wird, kannst Du ihn am besten dabei unterst\u00fctzen, indem Du ein freundschaftliches Verh\u00e4ltnis zu ihm aufbaust. Behandle ihn nicht mehr wie eine Maschine, die gef\u00e4lligst zu funktionieren hat. <strong>Unser K\u00f6rper ist ein lebendiges, f\u00fchlendes Wesen<\/strong>, das jedes Wort von dem h\u00f6rt und versteht, das Du \u00fcber ihn denkst. Behandle ihn eher wie ein krankes Kind, das momentan Deine Hilfe und liebevolle Unterst\u00fctzung braucht.<\/p>\n<p><img data-recalc-dims=\"1\" loading=\"lazy\" decoding=\"async\" class=\"alignleft wp-image-2066\" src=\"https:\/\/i0.wp.com\/www.seelenklopfen.de\/wp-content\/uploads\/2018\/04\/Gesundes-Gem%C3%BCse1200x800-300x200.jpg?resize=300%2C200\" alt=\"Gesunde Ern\u00e4hrung ist wichtig bei Burnout!\" width=\"300\" height=\"200\" srcset=\"https:\/\/i0.wp.com\/www.seelenklopfen.de\/wp-content\/uploads\/2018\/04\/Gesundes-Gem%C3%BCse1200x800.jpg?resize=300%2C200&amp;ssl=1 300w, https:\/\/i0.wp.com\/www.seelenklopfen.de\/wp-content\/uploads\/2018\/04\/Gesundes-Gem%C3%BCse1200x800.jpg?resize=768%2C512&amp;ssl=1 768w, https:\/\/i0.wp.com\/www.seelenklopfen.de\/wp-content\/uploads\/2018\/04\/Gesundes-Gem%C3%BCse1200x800.jpg?resize=1024%2C683&amp;ssl=1 1024w, https:\/\/i0.wp.com\/www.seelenklopfen.de\/wp-content\/uploads\/2018\/04\/Gesundes-Gem%C3%BCse1200x800.jpg?resize=830%2C553&amp;ssl=1 830w, https:\/\/i0.wp.com\/www.seelenklopfen.de\/wp-content\/uploads\/2018\/04\/Gesundes-Gem%C3%BCse1200x800.jpg?resize=230%2C153&amp;ssl=1 230w, https:\/\/i0.wp.com\/www.seelenklopfen.de\/wp-content\/uploads\/2018\/04\/Gesundes-Gem%C3%BCse1200x800.jpg?resize=350%2C233&amp;ssl=1 350w, https:\/\/i0.wp.com\/www.seelenklopfen.de\/wp-content\/uploads\/2018\/04\/Gesundes-Gem%C3%BCse1200x800.jpg?resize=480%2C320&amp;ssl=1 480w, https:\/\/i0.wp.com\/www.seelenklopfen.de\/wp-content\/uploads\/2018\/04\/Gesundes-Gem%C3%BCse1200x800.jpg?resize=272%2C182&amp;ssl=1 272w, https:\/\/i0.wp.com\/www.seelenklopfen.de\/wp-content\/uploads\/2018\/04\/Gesundes-Gem%C3%BCse1200x800.jpg?w=1200&amp;ssl=1 1200w\" sizes=\"auto, (max-width: 300px) 100vw, 300px\" \/><strong>Bedanke Dich bei Deinem K\u00f6rper<\/strong> f\u00fcr all seine guten Dienste, indem Du Dich ausschlie\u00dflich gesund ern\u00e4hrst und ihm alles gibst, was er braucht, um gesund zu sein. Fordere ihm nicht mehr ab, als er leisten kann, auch wenn das im Moment nicht viel ist. Wenn Du rauchst, Alkohol trinkst oder ungesundes Zeug in Dich hineinstopfst, dann versetze Dich w\u00e4hrenddessen in seine Lage und stell Dir vor, wie Du Dich an seiner Stelle dabei f\u00fchlen w\u00fcrdest. Das ist die sanfteste Methode, um S\u00fcchte zu \u00fcberwinden! Jemanden, den Du liebst, w\u00fcrdest Du niemals schlecht behandeln. Also lerne, Deinen K\u00f6rper zu lieben. Dann wirst Du ihm nach und nach immer weniger Gifte zumuten.<\/p>\n<p><strong>Gew\u00f6hne Dir an, Deinen K\u00f6rper t\u00e4glich zu fragen, was er braucht und was ihm gut tut.<\/strong><br \/>\nMit der Zeit wirst Du immer klarere Antworten (in Form von Gedanken, Gef\u00fchlen oder K\u00f6rperempfindungen) von ihm erhalten. Probiere es einfach mal aus!<\/p>\n<p><a href=\"https:\/\/www.seelenklopfen.de\/index.php\/psychosomatik\/\">Mehr zum Thema K\u00f6rper und Heilung (inclusive Video) siehe &#8222;Psychosomatik&#8220;.<\/a><\/p>\n","protected":false},"excerpt":{"rendered":"<p>Depression oder Burnout? Ob man es als Burnout bezeichnet oder als Ersch\u00f6pfungsdepression &#8211; letzten Endes ist beides ein Zustand tiefster Ersch\u00f6pfung mit [&hellip;]<\/p>\n","protected":false},"author":1,"featured_media":0,"parent":0,"menu_order":19,"comment_status":"closed","ping_status":"closed","template":"","meta":{"footnotes":""},"class_list":["post-117","page","type-page","status-publish","hentry"],"jetpack_sharing_enabled":true,"_links":{"self":[{"href":"https:\/\/www.seelenklopfen.de\/index.php\/wp-json\/wp\/v2\/pages\/117","targetHints":{"allow":["GET"]}}],"collection":[{"href":"https:\/\/www.seelenklopfen.de\/index.php\/wp-json\/wp\/v2\/pages"}],"about":[{"href":"https:\/\/www.seelenklopfen.de\/index.php\/wp-json\/wp\/v2\/types\/page"}],"author":[{"embeddable":true,"href":"https:\/\/www.seelenklopfen.de\/index.php\/wp-json\/wp\/v2\/users\/1"}],"replies":[{"embeddable":true,"href":"https:\/\/www.seelenklopfen.de\/index.php\/wp-json\/wp\/v2\/comments?post=117"}],"version-history":[{"count":0,"href":"https:\/\/www.seelenklopfen.de\/index.php\/wp-json\/wp\/v2\/pages\/117\/revisions"}],"wp:attachment":[{"href":"https:\/\/www.seelenklopfen.de\/index.php\/wp-json\/wp\/v2\/media?parent=117"}],"curies":[{"name":"wp","href":"https:\/\/api.w.org\/{rel}","templated":true}]}}