
{"id":3614,"date":"2019-06-20T14:28:20","date_gmt":"2019-06-20T12:28:20","guid":{"rendered":"https:\/\/www.seelenklopfen.de\/?page_id=3614"},"modified":"2024-04-29T22:12:18","modified_gmt":"2024-04-29T20:12:18","slug":"erfahrungsberichte","status":"publish","type":"page","link":"https:\/\/www.seelenklopfen.de\/index.php\/erfahrungsberichte\/","title":{"rendered":"Erfahrungsberichte"},"content":{"rendered":"<p><span style=\"color: #dd3333;\"><strong>Eva, 30 Jahre (nach dem 4-t\u00e4gigen Live Seminar in K\u00f6ln):<\/strong><\/span><\/p>\n<p class=\"western\" align=\"left\"><img data-recalc-dims=\"1\" loading=\"lazy\" decoding=\"async\" class=\" wp-image-5789 alignleft\" src=\"https:\/\/i0.wp.com\/www.seelenklopfen.de\/wp-content\/uploads\/2023\/01\/Wien2_klein_Portrait.jpg?resize=160%2C186&#038;ssl=1\" alt=\"\" width=\"160\" height=\"186\" srcset=\"https:\/\/i0.wp.com\/www.seelenklopfen.de\/wp-content\/uploads\/2023\/01\/Wien2_klein_Portrait.jpg?resize=258%2C300&amp;ssl=1 258w, https:\/\/i0.wp.com\/www.seelenklopfen.de\/wp-content\/uploads\/2023\/01\/Wien2_klein_Portrait.jpg?resize=230%2C267&amp;ssl=1 230w, https:\/\/i0.wp.com\/www.seelenklopfen.de\/wp-content\/uploads\/2023\/01\/Wien2_klein_Portrait.jpg?resize=350%2C407&amp;ssl=1 350w, https:\/\/i0.wp.com\/www.seelenklopfen.de\/wp-content\/uploads\/2023\/01\/Wien2_klein_Portrait.jpg?resize=480%2C558&amp;ssl=1 480w, https:\/\/i0.wp.com\/www.seelenklopfen.de\/wp-content\/uploads\/2023\/01\/Wien2_klein_Portrait.jpg?w=500&amp;ssl=1 500w\" sizes=\"auto, (max-width: 160px) 100vw, 160px\" \/>&#8222;Liebe Sabine, bisher wusste ich nie so genau was gemeint ist, wenn man sagt jemand hat ein gewinnendes Wesen. Als ich Dich kennenlernen durfte, war es pl\u00f6tzlich ganz klar. Deine Lebensfreude ist so ansteckend und Dein Lachen so nat\u00fcrlich leicht. Du bist immer mit ganz viel Charme, Einf\u00fchlungsverm\u00f6gen und Herzlichkeit dabei. Es ist faszinierend mitzuerleben wie Du bei teils ganz schwierigen Themen mit Empathie, Leichtigkeit, Positivit\u00e4t und einer Brise Humor wieder Mut, Liebe, Begeisterung, Gl\u00fcck und Energie in die Seele der Menschen zaubern kannst. Eine wahre Bereicherung f\u00fcr die Welt.&#8220;<\/p>\n<p>&nbsp;<\/p>\n<p>&nbsp;<\/p>\n<p><strong><span style=\"color: #dd3333;\">Monika, 49 Jahre (Depression mit Angstst\u00f6rung, nach 5 Sitzungen):<br \/>\n<\/span><\/strong><\/p>\n<section class=\"sc-1a2jur1-8 cvmGkB\">\n<p class=\"sc-1a2jur1-15 jAMZef\"><strong><a href=\"https:\/\/i0.wp.com\/www.seelenklopfen.de\/wp-content\/uploads\/2020\/06\/Arme-zur-Sonne.jpg?ssl=1\"><img data-recalc-dims=\"1\" loading=\"lazy\" decoding=\"async\" class=\"size-medium wp-image-4450 alignleft\" src=\"https:\/\/i0.wp.com\/www.seelenklopfen.de\/wp-content\/uploads\/2020\/06\/Arme-zur-Sonne.jpg?resize=300%2C200&#038;ssl=1\" alt=\"\" width=\"300\" height=\"200\" srcset=\"https:\/\/i0.wp.com\/www.seelenklopfen.de\/wp-content\/uploads\/2020\/06\/Arme-zur-Sonne.jpg?resize=300%2C200&amp;ssl=1 300w, https:\/\/i0.wp.com\/www.seelenklopfen.de\/wp-content\/uploads\/2020\/06\/Arme-zur-Sonne.jpg?resize=768%2C512&amp;ssl=1 768w, https:\/\/i0.wp.com\/www.seelenklopfen.de\/wp-content\/uploads\/2020\/06\/Arme-zur-Sonne.jpg?resize=1024%2C683&amp;ssl=1 1024w, https:\/\/i0.wp.com\/www.seelenklopfen.de\/wp-content\/uploads\/2020\/06\/Arme-zur-Sonne.jpg?resize=830%2C553&amp;ssl=1 830w, https:\/\/i0.wp.com\/www.seelenklopfen.de\/wp-content\/uploads\/2020\/06\/Arme-zur-Sonne.jpg?resize=230%2C153&amp;ssl=1 230w, https:\/\/i0.wp.com\/www.seelenklopfen.de\/wp-content\/uploads\/2020\/06\/Arme-zur-Sonne.jpg?resize=350%2C233&amp;ssl=1 350w, https:\/\/i0.wp.com\/www.seelenklopfen.de\/wp-content\/uploads\/2020\/06\/Arme-zur-Sonne.jpg?resize=480%2C320&amp;ssl=1 480w, https:\/\/i0.wp.com\/www.seelenklopfen.de\/wp-content\/uploads\/2020\/06\/Arme-zur-Sonne.jpg?resize=272%2C182&amp;ssl=1 272w, https:\/\/i0.wp.com\/www.seelenklopfen.de\/wp-content\/uploads\/2020\/06\/Arme-zur-Sonne.jpg?w=1200&amp;ssl=1 1200w\" sizes=\"auto, (max-width: 300px) 100vw, 300px\" \/><\/a><\/strong>&#8222;Spitze!!! Sabine hat es mit ihrer gro\u00dfen Empathie und Flexibilit\u00e4t sich schnell in Dinge rein- und auch umzudenken geschafft, mir in meinen Problemfeldern nicht nur zu helfen, sondern auch dar\u00fcber hinaus sie zu lindern und sogar einige (oder alle?) v\u00f6llig aufzul\u00f6sen. Ich bin auch Coach und daher wei\u00df ich, wovon ich rede. Die Verbindung zwischen dem Kopf und den Gef\u00fchlen im K\u00f6rper leitet sie prima und mit gro\u00dfer Gelassenheit und Souver\u00e4nit\u00e4t an. Mit der Klopfmethode kam ich schnell bei Kernthemen an, ohne vorher meine &#8222;Leidensgeschichte&#8220; komplett und stundenlang erz\u00e4hlen zu m\u00fcssen. Es reichten kleine Impulse oder Anliegen von mir aus, die uns dann zu \u00fcbergeordneten Themen automatisch f\u00fchrten.<\/p>\n<p class=\"sc-1a2jur1-15 jAMZef\">Die Sitzungen (besonders auch Videochats) mit Sabine sind einfach sehr empfehlenswert, bereichernd und warmherzig. Ich habe schon viel probiert um &#8222;Heilung&#8220; zu erfahren, bin aber noch nie so qualifiziert und kompetent zur Selbstheilung angeregt worden. Schade, dass das die klassischen Psychologen nicht k\u00f6nnen oder wollen.<\/p>\n<p class=\"sc-1a2jur1-15 jAMZef\">Ich bin 49 Jahre, bin geschieden und hatte viele \u00c4ngste, z. B. vor dem Autobahnfahren, Urlaub, neuen St\u00e4dten, Fliegen und noch viele kleinere \u00c4ngste.&#8220;<\/p>\n<\/section>\n<p>&nbsp;<\/p>\n<p><strong><span style=\"color: #dd3333;\">Kathrin, 44 Jahre (Depressionen, nach 10 Sitzungen):<\/span><br \/>\n<\/strong><a href=\"https:\/\/i0.wp.com\/www.seelenklopfen.de\/wp-content\/uploads\/2019\/11\/adolescent-attractive-beautiful-709802.jpg?ssl=1\"><img data-recalc-dims=\"1\" loading=\"lazy\" decoding=\"async\" class=\"size-medium wp-image-3997 alignright\" src=\"https:\/\/i0.wp.com\/www.seelenklopfen.de\/wp-content\/uploads\/2019\/11\/adolescent-attractive-beautiful-709802.jpg?resize=200%2C300&#038;ssl=1\" alt=\"\" width=\"200\" height=\"300\" srcset=\"https:\/\/i0.wp.com\/www.seelenklopfen.de\/wp-content\/uploads\/2019\/11\/adolescent-attractive-beautiful-709802.jpg?resize=200%2C300&amp;ssl=1 200w, https:\/\/i0.wp.com\/www.seelenklopfen.de\/wp-content\/uploads\/2019\/11\/adolescent-attractive-beautiful-709802.jpg?resize=768%2C1152&amp;ssl=1 768w, https:\/\/i0.wp.com\/www.seelenklopfen.de\/wp-content\/uploads\/2019\/11\/adolescent-attractive-beautiful-709802.jpg?resize=683%2C1024&amp;ssl=1 683w, https:\/\/i0.wp.com\/www.seelenklopfen.de\/wp-content\/uploads\/2019\/11\/adolescent-attractive-beautiful-709802.jpg?resize=830%2C1245&amp;ssl=1 830w, https:\/\/i0.wp.com\/www.seelenklopfen.de\/wp-content\/uploads\/2019\/11\/adolescent-attractive-beautiful-709802.jpg?resize=230%2C345&amp;ssl=1 230w, https:\/\/i0.wp.com\/www.seelenklopfen.de\/wp-content\/uploads\/2019\/11\/adolescent-attractive-beautiful-709802.jpg?resize=350%2C525&amp;ssl=1 350w, https:\/\/i0.wp.com\/www.seelenklopfen.de\/wp-content\/uploads\/2019\/11\/adolescent-attractive-beautiful-709802.jpg?resize=480%2C720&amp;ssl=1 480w, https:\/\/i0.wp.com\/www.seelenklopfen.de\/wp-content\/uploads\/2019\/11\/adolescent-attractive-beautiful-709802.jpg?w=1280&amp;ssl=1 1280w\" sizes=\"auto, (max-width: 200px) 100vw, 200px\" \/><\/a>&#8222;Ich bin unendlich dankbar, dass Sabine mich auf meinem Weg aus der Depression mit enorm viel Einf\u00fchlungsverm\u00f6gen, Kompetenz und so viel Herzblut begleitet hat. Die Klopfakupressur hat dabei wahre Wunder bewirkt.<\/p>\n<p>Sabine hat mir neue Wege und Handlungsm\u00f6glichkeiten aufgezeigt und mich in sehr schweren Zeiten stets gest\u00e4rkt. Mit ihrer Unterst\u00fctzung konnte ich meine Blickwinkel ver\u00e4ndern und empfinde nun viel mehr Mut, Gl\u00fcck und Energie. Au\u00dferdem habe ich gelernt, mich selbst zu sch\u00e4tzen, zu akzeptieren und zu lieben. Das ist so viel wert!<br \/>\nIhre eigene Erfahrung mit der Thematik und ihre Begeisterungsf\u00e4higkeit, haben mir im gesamten Prozess sehr weitergeholfen.<br \/>\nIch habe sie immer als sehr engagiert, wertsch\u00e4tzend und authentisch erlebt. Ich bin begeistert, vom Erfolg und empfehle Sabine uneingeschr\u00e4nkt weiter!&#8220;<\/p>\n<p>&nbsp;<\/p>\n<p>&nbsp;<\/p>\n<p><span style=\"color: #dd3333;\"><strong>Ursula, 66 Jahre (Schwere Depressionen, nach 4 Sitzungen):<\/strong><\/span><\/p>\n<p>&#8222;Liebe Sabine, ich bin durch ein tiefes dunkles Tal gegangen im November vergangenen Jahres. Mit Abstand sehe ich, dass mir der Himmel Helfer und Begleiter geschickt hat, die mich sehr unterst\u00fctzt haben auf meinem Weg zur\u00fcck ins Licht, ins Leben. Und zu diesen Menschen geh\u00f6rst auch du, liebe Sabine! Daf\u00fcr danke ich dir von Herzen!&#8220;<\/p>\n<p>&nbsp;<\/p>\n<p><strong><span style=\"color: #dd3333;\">Tine, 42 Jahre (\u00c4ngste und Depressionen, nach 8 Sitzungen):<\/span><br \/>\n&#8222;<\/strong>Ich merke, wie sich durch die Treffen bei Sabine viele Sichtweisen bei mir ver\u00e4ndert haben. Sabine hat mir nicht nur diese wunderbare Klopftherapie beigebracht, sondern mir durch ihre eigenen Erfahrungen und Sichtweisen in vielen Dingen die Augen ge\u00f6ffnet und mir geholfen, tiefliegende Traumata zu beseitigen bzw. einen anderen Blick darauf zu haben.<\/p>\n<p><a href=\"https:\/\/i0.wp.com\/www.seelenklopfen.de\/wp-content\/uploads\/2018\/04\/H%C3%A4ngematte1200x800.jpeg?ssl=1\"><img data-recalc-dims=\"1\" loading=\"lazy\" decoding=\"async\" class=\"size-medium wp-image-2162 alignleft\" src=\"https:\/\/i0.wp.com\/www.seelenklopfen.de\/wp-content\/uploads\/2018\/04\/H%C3%A4ngematte1200x800.jpeg?resize=300%2C200&#038;ssl=1\" alt=\"Entspannung\" width=\"300\" height=\"200\" srcset=\"https:\/\/i0.wp.com\/www.seelenklopfen.de\/wp-content\/uploads\/2018\/04\/H%C3%A4ngematte1200x800.jpeg?resize=300%2C200&amp;ssl=1 300w, https:\/\/i0.wp.com\/www.seelenklopfen.de\/wp-content\/uploads\/2018\/04\/H%C3%A4ngematte1200x800.jpeg?resize=768%2C512&amp;ssl=1 768w, https:\/\/i0.wp.com\/www.seelenklopfen.de\/wp-content\/uploads\/2018\/04\/H%C3%A4ngematte1200x800.jpeg?resize=1024%2C683&amp;ssl=1 1024w, https:\/\/i0.wp.com\/www.seelenklopfen.de\/wp-content\/uploads\/2018\/04\/H%C3%A4ngematte1200x800.jpeg?resize=830%2C553&amp;ssl=1 830w, https:\/\/i0.wp.com\/www.seelenklopfen.de\/wp-content\/uploads\/2018\/04\/H%C3%A4ngematte1200x800.jpeg?resize=230%2C153&amp;ssl=1 230w, https:\/\/i0.wp.com\/www.seelenklopfen.de\/wp-content\/uploads\/2018\/04\/H%C3%A4ngematte1200x800.jpeg?resize=350%2C233&amp;ssl=1 350w, https:\/\/i0.wp.com\/www.seelenklopfen.de\/wp-content\/uploads\/2018\/04\/H%C3%A4ngematte1200x800.jpeg?resize=480%2C320&amp;ssl=1 480w, https:\/\/i0.wp.com\/www.seelenklopfen.de\/wp-content\/uploads\/2018\/04\/H%C3%A4ngematte1200x800.jpeg?resize=272%2C182&amp;ssl=1 272w, https:\/\/i0.wp.com\/www.seelenklopfen.de\/wp-content\/uploads\/2018\/04\/H%C3%A4ngematte1200x800.jpeg?w=1200&amp;ssl=1 1200w\" sizes=\"auto, (max-width: 300px) 100vw, 300px\" \/><\/a>Ich komme nun schon viel besser mit allem in meinem Leben klar, auch wenn ich merke, dass ich nach wie vor leicht instabil bin und weiter an mir arbeiten muss.<br \/>\nPers\u00f6nlich kann ich Sabine und EFT sehr empfehlen! Von Herzen bin ich dankbar, dass mir mein Schicksal Sabine \u00fcber den Weg geschickt hat! DANKE, dass es dich in meinem Leben jetzt gibt!&#8220;<\/p>\n<p>&nbsp;<\/p>\n<p>&nbsp;<\/p>\n<p><span style=\"color: #dd3333;\"><strong>Anna, 35 Jahre (langj\u00e4hrige Flugangst, nach 1 Sitzung):<\/strong><\/span><br \/>\n&#8222;Meine letzten Fl\u00fcge waren furchtbar, ich hatte schreckliche Flugangst, bin meist schwei\u00dfgebadet ausgestiegen und Panikattacken waren meine Begleiter.<\/p>\n<p><a href=\"https:\/\/i0.wp.com\/www.seelenklopfen.de\/wp-content\/uploads\/2019\/06\/Flugangst-ade2.jpg?ssl=1\"><img data-recalc-dims=\"1\" loading=\"lazy\" decoding=\"async\" class=\"wp-image-3632 size-medium alignright\" src=\"https:\/\/i0.wp.com\/www.seelenklopfen.de\/wp-content\/uploads\/2019\/06\/Flugangst-ade2.jpg?resize=300%2C200&#038;ssl=1\" alt=\"Flugangst \u00fcberwinden mit EFT\" width=\"300\" height=\"200\" srcset=\"https:\/\/i0.wp.com\/www.seelenklopfen.de\/wp-content\/uploads\/2019\/06\/Flugangst-ade2.jpg?resize=300%2C200&amp;ssl=1 300w, https:\/\/i0.wp.com\/www.seelenklopfen.de\/wp-content\/uploads\/2019\/06\/Flugangst-ade2.jpg?resize=768%2C512&amp;ssl=1 768w, https:\/\/i0.wp.com\/www.seelenklopfen.de\/wp-content\/uploads\/2019\/06\/Flugangst-ade2.jpg?resize=1024%2C683&amp;ssl=1 1024w, https:\/\/i0.wp.com\/www.seelenklopfen.de\/wp-content\/uploads\/2019\/06\/Flugangst-ade2.jpg?resize=830%2C553&amp;ssl=1 830w, https:\/\/i0.wp.com\/www.seelenklopfen.de\/wp-content\/uploads\/2019\/06\/Flugangst-ade2.jpg?resize=230%2C153&amp;ssl=1 230w, https:\/\/i0.wp.com\/www.seelenklopfen.de\/wp-content\/uploads\/2019\/06\/Flugangst-ade2.jpg?resize=350%2C233&amp;ssl=1 350w, https:\/\/i0.wp.com\/www.seelenklopfen.de\/wp-content\/uploads\/2019\/06\/Flugangst-ade2.jpg?resize=480%2C320&amp;ssl=1 480w, https:\/\/i0.wp.com\/www.seelenklopfen.de\/wp-content\/uploads\/2019\/06\/Flugangst-ade2.jpg?resize=272%2C182&amp;ssl=1 272w, https:\/\/i0.wp.com\/www.seelenklopfen.de\/wp-content\/uploads\/2019\/06\/Flugangst-ade2.jpg?w=1200&amp;ssl=1 1200w\" sizes=\"auto, (max-width: 300px) 100vw, 300px\" \/><\/a>Heute und gestern bin ich drei mal ins Flugzeug gestiegen und habe Dank EFT tats\u00e4chlich gelernt, Chefin \u00fcber meine Angst zu werden. Jedes Mal, wenn sie aufkam, habe ich meine S\u00e4tze gesagt, geklopft, mal unauff\u00e4llig gehemmt, mal frei heraus. Und es war wirklich \u00fcberw\u00e4ltigend: Ich habe zwischendurch sogar Freude empfinden k\u00f6nnen. EFT hat mir geholfen, meine Angst zu b\u00e4ndigen und sie durch ein Gef\u00fchl von Vertrauen zu ersetzen.&#8220;<\/p>\n<p>&nbsp;<\/p>\n<p><strong><span style=\"color: #dd3333;\">Ina, 45 Jahre (nach ihrer ersten Sitzung)<\/span><br \/>\n<\/strong>&#8222;Schon so lange wollte ich EFT einmal ausprobieren. Was ich nicht erwartet habe war, dass ich mit so viel Freude und Leichtigkeit auch an die &#8217;schwierigen&#8216; Themen herangehen kann, dass gelacht werden darf und soll, und dass eine Besserung und buchst\u00e4bliche Er-Leichterung schon nach einem einzigen Termin mit dir, liebe Sabine, m\u00f6glich sind. Grade jetzt, mitten in meiner Unternehmensgr\u00fcndung, kann ich so ein Selbsthilfetool f\u00fcr all die Stolpersteine, stressigen Momente und manchmal auch Zweifel gut gebrauchen. Ich bin sehr motiviert, das Pfl\u00e4nzchen Selbstf\u00fcrsorge durch EFT, das du mir mitgegeben hast, weiter zu pflegen und so richtig sch\u00f6n gro\u00df werden zu lassen. Danke!&#8220;<\/p>\n<p>&nbsp;<\/p>\n<p><span style=\"color: #dd3333;\"><strong>Tanja, 52 Jahre<\/strong><\/span><\/p>\n<p>&#8222;Liebe Sabine, ich habe es durch deine Videos geschafft, auf den richtigen Weg zu kommen und aus der massiven Depression, die mich mein Leben lang begleitet hat, (Ursache: Entwicklungstrauma) herauszukommen. Alle Eckpunkte, die ich daf\u00fcr brauchte, hast du in deinen Videos geliefert. Ich setze sie nun um, und wenn die Depression ihren Kopf hebt, wei\u00df ich nun, wie ich damit umgehen muss. Ich habe auch meine Berufung gefunden. Sie war immer da, aber ich habe endlich auf meine innere Stimme h\u00f6ren k\u00f6nnen. DANK f\u00fcr deine klare, umsetzbare Anleitung, auch in dem Coaching, das wir mal hatten.&#8220;<\/p>\n<p>&nbsp;<\/p>\n<p><span style=\"color: #dd3333;\"><strong>Carina, 62 Jahre<\/strong><\/span><\/p>\n<p>&#8222;Liebe Sabine, ich m\u00f6chte mich nochmals herzlich bei dir bedanken, f\u00fcr unsere Klopfrunde gestern. Es arbeitet, es wirkt nach und tut sehr gut. Du hast eine gro\u00dfe Gabe, sowohl mit viel Einf\u00fchlungsverm\u00f6gen, gro\u00dfer Herzlichkeit, aber auch dem n\u00f6tigen Abstand, sehr genau zu erfassen, um was es geht UND das dann noch sehr mit deinem eigenem Raum zu halten. Also vielen vielen Dank!&#8220;<\/p>\n<p>&nbsp;<\/p>\n<div><\/div>\n<div><span style=\"color: #dd3333;\"><strong><img data-recalc-dims=\"1\" loading=\"lazy\" decoding=\"async\" class=\" wp-image-3406 alignleft\" src=\"https:\/\/i0.wp.com\/www.seelenklopfen.de\/wp-content\/uploads\/2019\/02\/In-die-Sonne-gehen-1200x800.jpg?resize=326%2C217&#038;ssl=1\" alt=\"Selbstheilung\" width=\"326\" height=\"217\" srcset=\"https:\/\/i0.wp.com\/www.seelenklopfen.de\/wp-content\/uploads\/2019\/02\/In-die-Sonne-gehen-1200x800.jpg?resize=300%2C200&amp;ssl=1 300w, https:\/\/i0.wp.com\/www.seelenklopfen.de\/wp-content\/uploads\/2019\/02\/In-die-Sonne-gehen-1200x800.jpg?resize=768%2C512&amp;ssl=1 768w, https:\/\/i0.wp.com\/www.seelenklopfen.de\/wp-content\/uploads\/2019\/02\/In-die-Sonne-gehen-1200x800.jpg?resize=1024%2C683&amp;ssl=1 1024w, https:\/\/i0.wp.com\/www.seelenklopfen.de\/wp-content\/uploads\/2019\/02\/In-die-Sonne-gehen-1200x800.jpg?resize=830%2C553&amp;ssl=1 830w, https:\/\/i0.wp.com\/www.seelenklopfen.de\/wp-content\/uploads\/2019\/02\/In-die-Sonne-gehen-1200x800.jpg?resize=230%2C153&amp;ssl=1 230w, https:\/\/i0.wp.com\/www.seelenklopfen.de\/wp-content\/uploads\/2019\/02\/In-die-Sonne-gehen-1200x800.jpg?resize=350%2C233&amp;ssl=1 350w, https:\/\/i0.wp.com\/www.seelenklopfen.de\/wp-content\/uploads\/2019\/02\/In-die-Sonne-gehen-1200x800.jpg?resize=480%2C320&amp;ssl=1 480w, https:\/\/i0.wp.com\/www.seelenklopfen.de\/wp-content\/uploads\/2019\/02\/In-die-Sonne-gehen-1200x800.jpg?resize=272%2C182&amp;ssl=1 272w, https:\/\/i0.wp.com\/www.seelenklopfen.de\/wp-content\/uploads\/2019\/02\/In-die-Sonne-gehen-1200x800.jpg?resize=1200%2C800&amp;ssl=1 1200w\" sizes=\"auto, (max-width: 326px) 100vw, 326px\" \/>Michaela, 62 Jahre (nach 1 Sitzung)<\/strong><br \/>\n<\/span>&#8222;In einer akuten Notsituation konnte mir Sabine K\u00f6nig mit ihrer wunderbaren Methode des EFT (wie charmant! Sie nennt es &#8222;Seelenklopfen&#8220;! Und wie zutreffend!) innerhalb k\u00fcrzester Zeit helfen. Sie f\u00fchrte mich mit unglaublicher Kompetenz und innerer Freiheit durch einen f\u00fcr mich wichtigen, erl\u00f6senden Prozess zu einem Thema, wie ich es mit dieser Methode bei anderen noch nicht erlebt habe. Da hab ich eher schon mal &#8222;Kleben am Prinzip und am Lehrbuch&#8220; erlebt, was aber nicht unbedingt zu einer Ver\u00e4nderung des labilen Zustandes f\u00fchrt&#8230;<\/div>\n<div>\n<div id=\"bfull4048894\" class=\"fliesstext\">\n<p>Sabine K\u00f6nig hat eine sehr einf\u00fchlsame und kreative Gabe, mit in den Prozess einzusteigen, mit ungew\u00f6hnlichen L\u00f6sungsvorschl\u00e4gen, so dass am Ende wirklich ein ganz anderes Thema, das sich hinter dem akuten ja nur versteckt hatte, ans Tageslicht kam und dann aufgel\u00f6st werden konnte.<\/p>\n<p>Wichtig ist mir an dieser Stelle auch das:<br \/>\nObwohl ich Kassenpatientin bin, also Frau K\u00f6nigs Leistungen nicht \u00fcbernommen werden, hat sich dieser Termin f\u00fcr mich absolut &#8222;bezahlt&#8220; gemacht &#8211; denn am Ende ging es mir wieder gut, mit sehr guten, neuen Erkenntnissen!!!&#8220;<\/p>\n<p>&nbsp;<\/p>\n<\/div>\n<\/div>\n<div><\/div>\n<div><\/div>\n<div><span style=\"color: #dd3333;\"><strong>Bewertung bei Jameda:<\/strong><\/span><\/div>\n<div>&#8222;Durch ihre einf\u00fchlsame Art hat Frau K\u00f6nig bei mir direkt die richtigen Worte gefunden, um meine anf\u00e4ngliche Skepsis der Methode gegen\u00fcber zu \u00fcberwinden. Ich konnte mich schnell entspannen und ihr gegen\u00fcber \u00f6ffnen und war sehr \u00fcberrascht, dass EFT bei mir direkt beim ersten Mal zum Erfolg gef\u00fchrt hat.&#8220;<\/div>\n<div><\/div>\n<div><\/div>\n<div><\/div>\n<div><\/div>\n<div><strong><span style=\"color: #dd3333;\">Bewertung bei Jameda:<\/span><br \/>\n<\/strong>&#8222;Ich habe Frau K\u00f6nig in einer Konsultation mit EFT kennen lernen d\u00fcrfen. Frau K\u00f6nig hat sich sehr viel Zeit genommen, und durch ihre ruhige und sympathische Ausstrahlung habe ich sofort Vertrauen gewonnen. Sie hat mir Ihre Vorgehensweise genau erkl\u00e4rt, und ich war sehr \u00fcberrascht, dass ich bereits nach dem ersten Termin zu 80 bis 90 % meine Beschwerden los war. Ich werde mich noch eine Weile beobachten, und sollten die Beschwerden noch nicht 100%ig verschwinden, komme ich sehr gerne wieder!&#8220;<\/div>\n","protected":false},"excerpt":{"rendered":"<p>Eva, 30 Jahre (nach dem 4-t\u00e4gigen Live Seminar in K\u00f6ln): &#8222;Liebe Sabine, bisher wusste ich nie so genau was gemeint ist, wenn [&hellip;]<\/p>\n","protected":false},"author":1,"featured_media":0,"parent":0,"menu_order":8,"comment_status":"closed","ping_status":"closed","template":"","meta":{"footnotes":""},"class_list":["post-3614","page","type-page","status-publish","hentry"],"jetpack_sharing_enabled":true,"_links":{"self":[{"href":"https:\/\/www.seelenklopfen.de\/index.php\/wp-json\/wp\/v2\/pages\/3614","targetHints":{"allow":["GET"]}}],"collection":[{"href":"https:\/\/www.seelenklopfen.de\/index.php\/wp-json\/wp\/v2\/pages"}],"about":[{"href":"https:\/\/www.seelenklopfen.de\/index.php\/wp-json\/wp\/v2\/types\/page"}],"author":[{"embeddable":true,"href":"https:\/\/www.seelenklopfen.de\/index.php\/wp-json\/wp\/v2\/users\/1"}],"replies":[{"embeddable":true,"href":"https:\/\/www.seelenklopfen.de\/index.php\/wp-json\/wp\/v2\/comments?post=3614"}],"version-history":[{"count":5,"href":"https:\/\/www.seelenklopfen.de\/index.php\/wp-json\/wp\/v2\/pages\/3614\/revisions"}],"predecessor-version":[{"id":6306,"href":"https:\/\/www.seelenklopfen.de\/index.php\/wp-json\/wp\/v2\/pages\/3614\/revisions\/6306"}],"wp:attachment":[{"href":"https:\/\/www.seelenklopfen.de\/index.php\/wp-json\/wp\/v2\/media?parent=3614"}],"curies":[{"name":"wp","href":"https:\/\/api.w.org\/{rel}","templated":true}]}}