
{"id":4520,"date":"2020-09-05T13:08:51","date_gmt":"2020-09-05T11:08:51","guid":{"rendered":"https:\/\/www.seelenklopfen.de\/?page_id=4520"},"modified":"2026-03-09T21:26:58","modified_gmt":"2026-03-09T20:26:58","slug":"kontakt-2","status":"publish","type":"page","link":"https:\/\/www.seelenklopfen.de\/index.php\/kontakt-2\/","title":{"rendered":"Kontakt"},"content":{"rendered":"<div id=\"pgc-21-0-0\" class=\"panel-grid-cell\" data-weight=\"0.5040404040404\">\r\n<div id=\"panel-21-0-0-0\" class=\"so-panel widget widget_sow-editor panel-first-child panel-last-child\" data-index=\"0\" data-style=\"{&quot;background_image_attachment&quot;:false,&quot;background_display&quot;:&quot;tile&quot;,&quot;content_alignment&quot;:&quot;left&quot;,&quot;title_color&quot;:&quot;#443f3f&quot;,&quot;headings_color&quot;:&quot;#443f3f&quot;}\">\r\n<div class=\"panel-widget-style panel-widget-style-for-21-0-0-0\" data-title-color=\"#443f3f\" data-headings-color=\"#443f3f\">\r\n<div class=\"so-widget-sow-editor so-widget-sow-editor-base\">\r\n<div class=\"siteorigin-widget-tinymce textwidget\">\r\n<p class=\"western\" align=\"left\">Bei Fragen oder Anmerkungen kannst Du mir gerne eine <a href=\"mailto:info@seelenklopfen.de\">Email<\/a> schreiben. <br \/>Wenn Du Dich f\u00fcr ein Coaching interessierst und vorher erstmal &#8222;schnuppern&#8220; willst, ob Du bei mir richtig bist, dann buche Dir einfach unverbindlich ein <span style=\"color: #dd3333;\"><strong>kostenloses telefonisches Vorgespr\u00e4ch von ca. 15 min.<\/strong> <\/span>\u00fcber meinen Onlinekalender:\u00a0 <strong><span style=\"color: #dd3333;\"><a style=\"color: #dd3333;\" href=\"https:\/\/www.terminland.de\/seelenklopfen\" target=\"_blank\" rel=\"noopener noreferrer\">www.terminland.de.<\/a><\/span><\/strong><\/p>\r\n<p><strong><a href=\"https:\/\/www.terminland.de\/seelenklopfen\" target=\"_blank\" rel=\"noopener\"><img data-recalc-dims=\"1\" loading=\"lazy\" decoding=\"async\" class=\"alignleft wp-image-4512 size-full\" src=\"https:\/\/i0.wp.com\/www.seelenklopfen.de\/wp-content\/uploads\/2020\/09\/Herz-klein-1.png?resize=200%2C199&#038;ssl=1\" alt=\"Sabine K\u00f6nig EFT\" width=\"200\" height=\"199\" srcset=\"https:\/\/i0.wp.com\/www.seelenklopfen.de\/wp-content\/uploads\/2020\/09\/Herz-klein-1.png?w=200&amp;ssl=1 200w, https:\/\/i0.wp.com\/www.seelenklopfen.de\/wp-content\/uploads\/2020\/09\/Herz-klein-1.png?resize=150%2C150&amp;ssl=1 150w\" sizes=\"auto, (max-width: 200px) 100vw, 200px\" \/><\/a>Sabine K\u00f6nig<br \/><\/strong><i class=\"wp-svg-phone phone\"><\/i> <strong>01520-7935789<\/strong><br \/><i class=\"wp-svg-mail-2 mail-2\"><\/i> <a href=\"mailto:info@seelenklopfen.de\"><strong>info@seelenklopfen.de<\/strong><\/a><\/p>\r\n<p><strong>Einzelsitzungen finden in der Regel per Videokonferenz \u00fcber &#8222;Zoom&#8220; statt, k\u00f6nnen aber im Einzelfall auch pers\u00f6nlich stattfinden (in 53619 Rheinbreitbach).<\/strong><\/p>\r\n<p><strong>Alle Gruppensitzungen der gro\u00dfen Coachingprogramme finden grunds\u00e4tzlich online statt.<br \/><\/strong><\/p>\r\n<h5>\u00a0<\/h5>\r\n<h5><a href=\"https:\/\/www.terminland.de\/seelenklopfen\" target=\"_blank\" rel=\"noopener noreferrer\"><strong><span style=\"color: #ff6600;\">Terminbuchungen f\u00fcr EFT-Sitzungen oder f\u00fcr ein 15-min\u00fctiges kostenloses Vorgespr\u00e4ch bitte \u00fcber meinen Online-Kalender<\/span><\/strong><\/a><a href=\"https:\/\/www.seelenklopfen.de\/wp-content\/uploads\/2020\/06\/Terminland-Logo.png\"><span style=\"color: #ff6600;\">:<\/span><\/a><\/h5>\r\n<h6><a href=\"https:\/\/www.terminland.de\/seelenklopfen\" target=\"_blank\" rel=\"noopener noreferrer\"><img data-recalc-dims=\"1\" loading=\"lazy\" decoding=\"async\" class=\"aligncenter wp-image-4499\" src=\"https:\/\/i0.wp.com\/www.seelenklopfen.de\/wp-content\/uploads\/2020\/06\/Terminland-Logo.png?resize=213%2C71&#038;ssl=1\" alt=\"Termin online buchen\" width=\"213\" height=\"71\" \/><\/a><\/h6>\r\n<\/div>\r\n<\/div>\r\n<h5>Wieviel kostet eine Sitzung?<\/h5>\r\n<a class=\"maxbutton-23 maxbutton maxbutton-zuruck-zur-ubersicht-hauptseite-onlinekurs\" target=\"_blank\" title=\"Zur\u00fcck zur Onlinekurs \u00dcbersicht (Alle Module)\" rel=\"noopener\" href=\"https:\/\/www.seelenklopfen.de\/index.php\/preise\"><span class='mb-text'>Preisinformationen<\/span><\/a>\r\n<h5>\u00a0<\/h5>\r\n<h5><strong>Wartezeit auf einen Termin zu lang?<\/strong><\/h5>\r\n<div class=\"so-widget-sow-editor so-widget-sow-editor-base\">\r\n<div class=\"siteorigin-widget-tinymce textwidget\">\r\n<p><strong><a href=\"https:\/\/onlinekurs.seelenklopfen.de\" target=\"_blank\" rel=\"noopener\"><img data-recalc-dims=\"1\" loading=\"lazy\" decoding=\"async\" class=\"alignleft wp-image-4628 size-medium\" src=\"https:\/\/i0.wp.com\/www.seelenklopfen.de\/wp-content\/uploads\/2021\/02\/Onlinekurs.png?resize=300%2C169&#038;ssl=1\" alt=\"Seelenklopfen - Der Onlinekurs\" width=\"300\" height=\"169\" srcset=\"https:\/\/i0.wp.com\/www.seelenklopfen.de\/wp-content\/uploads\/2021\/02\/Onlinekurs.png?resize=300%2C169&amp;ssl=1 300w, https:\/\/i0.wp.com\/www.seelenklopfen.de\/wp-content\/uploads\/2021\/02\/Onlinekurs.png?resize=1024%2C576&amp;ssl=1 1024w, https:\/\/i0.wp.com\/www.seelenklopfen.de\/wp-content\/uploads\/2021\/02\/Onlinekurs.png?resize=768%2C432&amp;ssl=1 768w, https:\/\/i0.wp.com\/www.seelenklopfen.de\/wp-content\/uploads\/2021\/02\/Onlinekurs.png?resize=830%2C467&amp;ssl=1 830w, https:\/\/i0.wp.com\/www.seelenklopfen.de\/wp-content\/uploads\/2021\/02\/Onlinekurs.png?resize=230%2C129&amp;ssl=1 230w, https:\/\/i0.wp.com\/www.seelenklopfen.de\/wp-content\/uploads\/2021\/02\/Onlinekurs.png?resize=350%2C197&amp;ssl=1 350w, https:\/\/i0.wp.com\/www.seelenklopfen.de\/wp-content\/uploads\/2021\/02\/Onlinekurs.png?resize=480%2C270&amp;ssl=1 480w, https:\/\/i0.wp.com\/www.seelenklopfen.de\/wp-content\/uploads\/2021\/02\/Onlinekurs.png?w=1280&amp;ssl=1 1280w\" sizes=\"auto, (max-width: 300px) 100vw, 300px\" \/><\/a><\/strong><\/p>\r\n<p><a href=\"https:\/\/onlinekurs.seelenklopfen.de\" target=\"_blank\" rel=\"noopener\"><span style=\"color: #dd3333;\"><strong>Infos \u00fcber meinen Onlinekurs findest Du hier.<\/strong><\/span><\/a><\/p>\r\n<\/div>\r\n<\/div>\r\n<\/div>\r\n<\/div>\r\n<\/div>\r\n<p>&nbsp;<\/p>\r\n<p>&nbsp;<\/p>\r\n<p>&nbsp;<\/p>\r\n<p>&nbsp;<\/p>\r\n<p><a href=\"https:\/\/www.seelenklopfen.de\/wp-content\/uploads\/2021\/09\/Behandlungsvertrag-Praxis-Seelenklopfen-Sabine-Koenig.pdf\"><span style=\"color: #ff6600;\"><strong>Meinen Behandlungsvertrag mit AGBs und Datenschutzerkl\u00e4rung kannst Du hier herunterladen.<\/strong><\/span><\/a><\/p>\r\n","protected":false},"excerpt":{"rendered":"<p>Bei Fragen oder Anmerkungen kannst Du mir gerne eine Email schreiben. Wenn Du Dich f\u00fcr ein Coaching interessierst und vorher erstmal &#8222;schnuppern&#8220; [&hellip;]<\/p>\n","protected":false},"author":1,"featured_media":0,"parent":0,"menu_order":3,"comment_status":"closed","ping_status":"closed","template":"","meta":{"footnotes":""},"class_list":["post-4520","page","type-page","status-publish","hentry"],"jetpack_sharing_enabled":true,"_links":{"self":[{"href":"https:\/\/www.seelenklopfen.de\/index.php\/wp-json\/wp\/v2\/pages\/4520","targetHints":{"allow":["GET"]}}],"collection":[{"href":"https:\/\/www.seelenklopfen.de\/index.php\/wp-json\/wp\/v2\/pages"}],"about":[{"href":"https:\/\/www.seelenklopfen.de\/index.php\/wp-json\/wp\/v2\/types\/page"}],"author":[{"embeddable":true,"href":"https:\/\/www.seelenklopfen.de\/index.php\/wp-json\/wp\/v2\/users\/1"}],"replies":[{"embeddable":true,"href":"https:\/\/www.seelenklopfen.de\/index.php\/wp-json\/wp\/v2\/comments?post=4520"}],"version-history":[{"count":5,"href":"https:\/\/www.seelenklopfen.de\/index.php\/wp-json\/wp\/v2\/pages\/4520\/revisions"}],"predecessor-version":[{"id":6791,"href":"https:\/\/www.seelenklopfen.de\/index.php\/wp-json\/wp\/v2\/pages\/4520\/revisions\/6791"}],"wp:attachment":[{"href":"https:\/\/www.seelenklopfen.de\/index.php\/wp-json\/wp\/v2\/media?parent=4520"}],"curies":[{"name":"wp","href":"https:\/\/api.w.org\/{rel}","templated":true}]}}