
{"id":4553,"date":"2020-09-15T10:32:23","date_gmt":"2020-09-15T08:32:23","guid":{"rendered":"https:\/\/www.seelenklopfen.de\/?page_id=4553"},"modified":"2021-05-05T13:50:58","modified_gmt":"2021-05-05T11:50:58","slug":"newsletter","status":"publish","type":"page","link":"https:\/\/www.seelenklopfen.de\/index.php\/newsletter\/","title":{"rendered":"Newsletter"},"content":{"rendered":"<p><a href=\"https:\/\/i0.wp.com\/www.seelenklopfen.de\/wp-content\/uploads\/2020\/09\/Herz-klein-1.png?ssl=1\"><img data-recalc-dims=\"1\" loading=\"lazy\" decoding=\"async\" class=\"size-full wp-image-4512 alignleft\" src=\"https:\/\/i0.wp.com\/www.seelenklopfen.de\/wp-content\/uploads\/2020\/09\/Herz-klein-1.png?resize=200%2C199&#038;ssl=1\" alt=\"Sabine K\u00f6nig EFT\" width=\"200\" height=\"199\" srcset=\"https:\/\/i0.wp.com\/www.seelenklopfen.de\/wp-content\/uploads\/2020\/09\/Herz-klein-1.png?w=200&amp;ssl=1 200w, https:\/\/i0.wp.com\/www.seelenklopfen.de\/wp-content\/uploads\/2020\/09\/Herz-klein-1.png?resize=150%2C150&amp;ssl=1 150w\" sizes=\"auto, (max-width: 200px) 100vw, 200px\" \/><\/a>Liebe Newsletter-Empf\u00e4nger(in),<\/p>\r\n<p>leider bin ich in der letzten Zeit kaum noch dazu gekommen, Newsletter zu schreiben. Da der Tag nur 24 Stunden hat, musste ich mich entscheiden, worauf ich mich haupts\u00e4chlich konzentrieren m\u00f6chte.<\/p>\r\n<p>Meine <a href=\"https:\/\/www.seelenklopfen.de\/index.php\/coaching\/\">Coachings<\/a>, mein <a href=\"https:\/\/www.youtube.com\/channel\/UCVdTIq6CYKjoEX_1HLVl8aw\/featured?view_as=subscriber\">Youtube-Kanal<\/a>, meine <a href=\"https:\/\/www.facebook.com\/groups\/selbstliebetraining\">Facebook-Gruppe<\/a>, mein <a href=\"https:\/\/ev-roki.de\/angebote\/gospelchor-roki-voices\/\">Chor<\/a>, und nat\u00fcrlich meine eigene Familie nehmen bereits alle meine zeitlichen Kapazit\u00e4ten in Anspruch. Daher musste der Newsletter leider hinten runterfallen, und ich habe mich entschieden, ihn endg\u00fcltig einzustellen. Auch auf die Gefahr hin, dass m\u00f6glicherweise einige Menschen, die sich gerade erst angemeldet hatten, entt\u00e4uscht von mir sein k\u00f6nnten. Das tut mir nat\u00fcrlich sehr leid, aber die Entscheidung musste sein. So geht gelebte Selbstf\u00fcrsorge! \ud83d\ude09<\/p>\r\n<p><strong>Du bist stattdessen herzlich eingeladen, f\u00fcr Tipps und gegenseitigen Austausch in meine <a href=\"https:\/\/www.facebook.com\/groups\/selbstliebetraining\"><span style=\"color: #dd3333;\">Facebook-Gruppe<\/span><\/a> zu kommen:<\/strong><\/p>\r\n<p><a href=\"https:\/\/www.facebook.com\/groups\/selbstliebetraining\" target=\"_blank\" rel=\"noopener noreferrer\"><img data-recalc-dims=\"1\" loading=\"lazy\" decoding=\"async\" class=\"alignleft wp-image-3914\" src=\"https:\/\/i0.wp.com\/www.seelenklopfen.de\/wp-content\/uploads\/2019\/10\/Facebook-Logo.png?resize=202%2C76&#038;ssl=1\" alt=\"\" width=\"202\" height=\"76\" srcset=\"https:\/\/i0.wp.com\/www.seelenklopfen.de\/wp-content\/uploads\/2019\/10\/Facebook-Logo.png?resize=300%2C113&amp;ssl=1 300w, https:\/\/i0.wp.com\/www.seelenklopfen.de\/wp-content\/uploads\/2019\/10\/Facebook-Logo.png?resize=768%2C289&amp;ssl=1 768w, https:\/\/i0.wp.com\/www.seelenklopfen.de\/wp-content\/uploads\/2019\/10\/Facebook-Logo.png?resize=1024%2C385&amp;ssl=1 1024w, https:\/\/i0.wp.com\/www.seelenklopfen.de\/wp-content\/uploads\/2019\/10\/Facebook-Logo.png?resize=830%2C312&amp;ssl=1 830w, https:\/\/i0.wp.com\/www.seelenklopfen.de\/wp-content\/uploads\/2019\/10\/Facebook-Logo.png?resize=230%2C86&amp;ssl=1 230w, https:\/\/i0.wp.com\/www.seelenklopfen.de\/wp-content\/uploads\/2019\/10\/Facebook-Logo.png?resize=350%2C132&amp;ssl=1 350w, https:\/\/i0.wp.com\/www.seelenklopfen.de\/wp-content\/uploads\/2019\/10\/Facebook-Logo.png?resize=480%2C180&amp;ssl=1 480w, https:\/\/i0.wp.com\/www.seelenklopfen.de\/wp-content\/uploads\/2019\/10\/Facebook-Logo.png?w=1280&amp;ssl=1 1280w\" sizes=\"auto, (max-width: 202px) 100vw, 202px\" \/><\/a>Hier in der geschlossenen Gruppe sitzen allen im selben Boot, und wir k\u00f6nnen offen \u00fcber alles reden. Wenn es Dir dennoch unangenehm ist, Dich dort mit Deinem privaten Profil zu zeigen, dann lege Dir ein anonymes Zweitprofil an. Du wirst vor Eintritt in die Gruppe gebeten, drei kurze Fragen zu beantworten. Wenn Du das tust, dann wei\u00df ich, dass Du es ernst meinst und kein Fake-Account bist.<\/p>\r\n\r\n<p class=\"has-text-align-left\">\u00a0<\/p>\r\n\r\n\r\n\r\n<div class=\"wp-block-image\">\r\n<figure class=\"alignleft size-large is-resized\"><a href=\"https:\/\/www.youtube.com\/channel\/UCVdTIq6CYKjoEX_1HLVl8aw\"><img data-recalc-dims=\"1\" loading=\"lazy\" decoding=\"async\" class=\"wp-image-3881\" src=\"https:\/\/i0.wp.com\/www.seelenklopfen.de\/wp-content\/uploads\/2019\/09\/Youtube-Logo.png?resize=173%2C97&#038;ssl=1\" alt=\"\" width=\"173\" height=\"97\" srcset=\"https:\/\/i0.wp.com\/www.seelenklopfen.de\/wp-content\/uploads\/2019\/09\/Youtube-Logo.png?w=300&amp;ssl=1 300w, https:\/\/i0.wp.com\/www.seelenklopfen.de\/wp-content\/uploads\/2019\/09\/Youtube-Logo.png?resize=230%2C129&amp;ssl=1 230w\" sizes=\"auto, (max-width: 173px) 100vw, 173px\" \/><\/a><\/figure>\r\n<\/div>\r\n\r\n\r\n\r\n<p><strong><br \/>Wenn Du Dir noch mehr interessante Informationen rund um das Thema &#8222;Depressionen mit Liebe \u00fcberwinden&#8220; w\u00fcnscht, dann schau Dich gerne auf meinem <a href=\"https:\/\/www.youtube.com\/channel\/UCVdTIq6CYKjoEX_1HLVl8aw\">Youtube-Kanal<\/a> um! <\/strong><\/p>\r\n<p>&nbsp;<\/p>\r\n<p>&nbsp;<\/p>\r\n<p><a href=\"https:\/\/onlinekurs.seelenklopfen.de\" target=\"_blank\" rel=\"noopener\"><img data-recalc-dims=\"1\" loading=\"lazy\" decoding=\"async\" class=\"alignleft wp-image-4628\" src=\"https:\/\/i0.wp.com\/www.seelenklopfen.de\/wp-content\/uploads\/2021\/02\/Onlinekurs.png?resize=169%2C95&#038;ssl=1\" alt=\"\" width=\"169\" height=\"95\" srcset=\"https:\/\/i0.wp.com\/www.seelenklopfen.de\/wp-content\/uploads\/2021\/02\/Onlinekurs.png?resize=300%2C169&amp;ssl=1 300w, https:\/\/i0.wp.com\/www.seelenklopfen.de\/wp-content\/uploads\/2021\/02\/Onlinekurs.png?resize=1024%2C576&amp;ssl=1 1024w, https:\/\/i0.wp.com\/www.seelenklopfen.de\/wp-content\/uploads\/2021\/02\/Onlinekurs.png?resize=768%2C432&amp;ssl=1 768w, https:\/\/i0.wp.com\/www.seelenklopfen.de\/wp-content\/uploads\/2021\/02\/Onlinekurs.png?resize=830%2C467&amp;ssl=1 830w, https:\/\/i0.wp.com\/www.seelenklopfen.de\/wp-content\/uploads\/2021\/02\/Onlinekurs.png?resize=230%2C129&amp;ssl=1 230w, https:\/\/i0.wp.com\/www.seelenklopfen.de\/wp-content\/uploads\/2021\/02\/Onlinekurs.png?resize=350%2C197&amp;ssl=1 350w, https:\/\/i0.wp.com\/www.seelenklopfen.de\/wp-content\/uploads\/2021\/02\/Onlinekurs.png?resize=480%2C270&amp;ssl=1 480w, https:\/\/i0.wp.com\/www.seelenklopfen.de\/wp-content\/uploads\/2021\/02\/Onlinekurs.png?w=1280&amp;ssl=1 1280w\" sizes=\"auto, (max-width: 169px) 100vw, 169px\" \/><\/a><\/p>\r\n<p><strong>Wenn Du als Hilfe zur Selbsthilfe mit mir klopfen lernen m\u00f6chtest, empfehle ich Dir meinen <a href=\"https:\/\/onlinekurs.seelenklopfen.de\" target=\"_blank\" rel=\"noopener\">Onlinekurs<\/a> mit 50 Videos zum Mitklopfen.<\/strong><\/p>\r\n<p>&nbsp;<\/p>\r\n<p>&nbsp;<\/p>\r\n","protected":false},"excerpt":{"rendered":"<p>Liebe Newsletter-Empf\u00e4nger(in), leider bin ich in der letzten Zeit kaum noch dazu gekommen, Newsletter zu schreiben. Da der Tag nur 24 Stunden [&hellip;]<\/p>\n","protected":false},"author":1,"featured_media":0,"parent":0,"menu_order":4,"comment_status":"closed","ping_status":"closed","template":"","meta":{"footnotes":""},"class_list":["post-4553","page","type-page","status-publish","hentry"],"jetpack_sharing_enabled":true,"_links":{"self":[{"href":"https:\/\/www.seelenklopfen.de\/index.php\/wp-json\/wp\/v2\/pages\/4553","targetHints":{"allow":["GET"]}}],"collection":[{"href":"https:\/\/www.seelenklopfen.de\/index.php\/wp-json\/wp\/v2\/pages"}],"about":[{"href":"https:\/\/www.seelenklopfen.de\/index.php\/wp-json\/wp\/v2\/types\/page"}],"author":[{"embeddable":true,"href":"https:\/\/www.seelenklopfen.de\/index.php\/wp-json\/wp\/v2\/users\/1"}],"replies":[{"embeddable":true,"href":"https:\/\/www.seelenklopfen.de\/index.php\/wp-json\/wp\/v2\/comments?post=4553"}],"version-history":[{"count":0,"href":"https:\/\/www.seelenklopfen.de\/index.php\/wp-json\/wp\/v2\/pages\/4553\/revisions"}],"wp:attachment":[{"href":"https:\/\/www.seelenklopfen.de\/index.php\/wp-json\/wp\/v2\/media?parent=4553"}],"curies":[{"name":"wp","href":"https:\/\/api.w.org\/{rel}","templated":true}]}}