
{"id":622,"date":"2018-02-09T14:08:32","date_gmt":"2018-02-09T13:08:32","guid":{"rendered":"http:\/\/www.seelenklopfen.de\/Test\/?page_id=622"},"modified":"2023-09-11T11:55:09","modified_gmt":"2023-09-11T09:55:09","slug":"preise","status":"publish","type":"page","link":"https:\/\/www.seelenklopfen.de\/index.php\/preise\/","title":{"rendered":"Preise"},"content":{"rendered":"<div id=\"pl-622\" class=\"panel-layout\">\n<div id=\"pg-622-0\" class=\"panel-grid panel-has-style\" data-style=\"{&quot;cell_alignment&quot;:&quot;flex-start&quot;,&quot;align&quot;:&quot;&quot;,&quot;overlay&quot;:&quot;&quot;,&quot;overlay_color&quot;:&quot;#000000&quot;}\" data-ratio=\"1\" data-ratio-direction=\"right\">\n<div class=\"panel-row-style panel-row-style-for-622-0\" style=\"padding: 100px 0;\" data-overlay=\"true\" data-overlay-color=\"#000000\">\n<div id=\"pgc-622-0-0\" class=\"panel-grid-cell\" data-weight=\"1\">\n<div id=\"panel-114-0-0-0\" class=\"so-panel widget widget_sow-editor panel-first-child\" data-index=\"0\" data-style=\"{&quot;background_image_attachment&quot;:false,&quot;background_display&quot;:&quot;tile&quot;,&quot;content_alignment&quot;:&quot;left&quot;,&quot;title_color&quot;:&quot;#443f3f&quot;,&quot;headings_color&quot;:&quot;#443f3f&quot;}\">\n<div class=\"panel-widget-style panel-widget-style-for-114-0-0-0\" style=\"text-align: left;\" data-title-color=\"#443f3f\" data-headings-color=\"#443f3f\">\n<div class=\"so-widget-sow-editor so-widget-sow-editor-base\">\n<h4><strong><span style=\"color: #dd3333;\">Unterst\u00fctzung Level 1: Einzelsitzung EFT<\/span><\/strong><\/h4>\n<p><img data-recalc-dims=\"1\" loading=\"lazy\" decoding=\"async\" class=\"wp-image-6003 size-medium alignleft\" src=\"https:\/\/i0.wp.com\/www.seelenklopfen.de\/wp-content\/uploads\/2023\/07\/Preis-1-Sitzung-EFT-300x200.png?resize=300%2C200&#038;ssl=1\" alt=\"\" width=\"300\" height=\"200\" srcset=\"https:\/\/i0.wp.com\/www.seelenklopfen.de\/wp-content\/uploads\/2023\/07\/Preis-1-Sitzung-EFT.png?resize=300%2C200&amp;ssl=1 300w, https:\/\/i0.wp.com\/www.seelenklopfen.de\/wp-content\/uploads\/2023\/07\/Preis-1-Sitzung-EFT.png?resize=1024%2C682&amp;ssl=1 1024w, https:\/\/i0.wp.com\/www.seelenklopfen.de\/wp-content\/uploads\/2023\/07\/Preis-1-Sitzung-EFT.png?resize=768%2C512&amp;ssl=1 768w, https:\/\/i0.wp.com\/www.seelenklopfen.de\/wp-content\/uploads\/2023\/07\/Preis-1-Sitzung-EFT.png?resize=1000%2C666&amp;ssl=1 1000w, https:\/\/i0.wp.com\/www.seelenklopfen.de\/wp-content\/uploads\/2023\/07\/Preis-1-Sitzung-EFT.png?resize=230%2C153&amp;ssl=1 230w, https:\/\/i0.wp.com\/www.seelenklopfen.de\/wp-content\/uploads\/2023\/07\/Preis-1-Sitzung-EFT.png?resize=350%2C233&amp;ssl=1 350w, https:\/\/i0.wp.com\/www.seelenklopfen.de\/wp-content\/uploads\/2023\/07\/Preis-1-Sitzung-EFT.png?resize=480%2C320&amp;ssl=1 480w, https:\/\/i0.wp.com\/www.seelenklopfen.de\/wp-content\/uploads\/2023\/07\/Preis-1-Sitzung-EFT.png?resize=800%2C533&amp;ssl=1 800w, https:\/\/i0.wp.com\/www.seelenklopfen.de\/wp-content\/uploads\/2023\/07\/Preis-1-Sitzung-EFT.png?resize=272%2C182&amp;ssl=1 272w, https:\/\/i0.wp.com\/www.seelenklopfen.de\/wp-content\/uploads\/2023\/07\/Preis-1-Sitzung-EFT.png?w=1280&amp;ssl=1 1280w\" sizes=\"auto, (max-width: 300px) 100vw, 300px\" \/><\/p>\n<h5 class=\"textwidget\"><span style=\"color: #dd3333;\"><strong><br \/>\nEinzelsitzung:<\/strong><\/span><\/h5>\n<p><strong>60 min. 120,- EUR<\/strong><br \/>\n<strong> 90 min. 150,- EUR<\/strong><\/p>\n<p><a href=\"https:\/\/www.terminland.de\/seelenklopfen\/\" target=\"_blank\" rel=\"noopener noreferrer\"><img data-recalc-dims=\"1\" loading=\"lazy\" decoding=\"async\" class=\"alignnone\" src=\"https:\/\/i0.wp.com\/www.terminland.de\/images\/termin_online_orange.png?resize=180%2C60&#038;ssl=1\" alt=\"Terminland.de - Termin jetzt online buchen\" width=\"180\" height=\"60\" border=\"0\" \/><\/a><\/p>\n<p>&nbsp;<\/p>\n<p>&nbsp;<\/p>\n<h4><strong><span style=\"color: #dd3333;\">Unterst\u00fctzung Level 2: &#8222;Lebensfreude-Paket&#8220; (5x EFT)<\/span><\/strong><\/h4>\n<p><img data-recalc-dims=\"1\" loading=\"lazy\" decoding=\"async\" class=\"wp-image-6004 size-medium alignleft\" src=\"https:\/\/i0.wp.com\/www.seelenklopfen.de\/wp-content\/uploads\/2023\/07\/Fuenf-Aepfel-fuenf-Sitzungen.png?resize=300%2C200&#038;ssl=1\" alt=\"\" width=\"300\" height=\"200\" srcset=\"https:\/\/i0.wp.com\/www.seelenklopfen.de\/wp-content\/uploads\/2023\/07\/Fuenf-Aepfel-fuenf-Sitzungen.png?resize=300%2C200&amp;ssl=1 300w, https:\/\/i0.wp.com\/www.seelenklopfen.de\/wp-content\/uploads\/2023\/07\/Fuenf-Aepfel-fuenf-Sitzungen.png?resize=1024%2C682&amp;ssl=1 1024w, https:\/\/i0.wp.com\/www.seelenklopfen.de\/wp-content\/uploads\/2023\/07\/Fuenf-Aepfel-fuenf-Sitzungen.png?resize=768%2C512&amp;ssl=1 768w, https:\/\/i0.wp.com\/www.seelenklopfen.de\/wp-content\/uploads\/2023\/07\/Fuenf-Aepfel-fuenf-Sitzungen.png?resize=1000%2C666&amp;ssl=1 1000w, https:\/\/i0.wp.com\/www.seelenklopfen.de\/wp-content\/uploads\/2023\/07\/Fuenf-Aepfel-fuenf-Sitzungen.png?resize=230%2C153&amp;ssl=1 230w, https:\/\/i0.wp.com\/www.seelenklopfen.de\/wp-content\/uploads\/2023\/07\/Fuenf-Aepfel-fuenf-Sitzungen.png?resize=350%2C233&amp;ssl=1 350w, https:\/\/i0.wp.com\/www.seelenklopfen.de\/wp-content\/uploads\/2023\/07\/Fuenf-Aepfel-fuenf-Sitzungen.png?resize=480%2C320&amp;ssl=1 480w, https:\/\/i0.wp.com\/www.seelenklopfen.de\/wp-content\/uploads\/2023\/07\/Fuenf-Aepfel-fuenf-Sitzungen.png?resize=800%2C533&amp;ssl=1 800w, https:\/\/i0.wp.com\/www.seelenklopfen.de\/wp-content\/uploads\/2023\/07\/Fuenf-Aepfel-fuenf-Sitzungen.png?resize=272%2C182&amp;ssl=1 272w, https:\/\/i0.wp.com\/www.seelenklopfen.de\/wp-content\/uploads\/2023\/07\/Fuenf-Aepfel-fuenf-Sitzungen.png?w=1280&amp;ssl=1 1280w\" sizes=\"auto, (max-width: 300px) 100vw, 300px\" \/><\/p>\n<h5><span style=\"color: #dd3333;\">Paketpreis<\/span><span style=\"color: #dd3333;\">:<\/span><\/h5>\n<div data-title-color=\"#443f3f\" data-headings-color=\"#443f3f\">\n<p><strong>Bei Sofortzahlung 10% Rabatt!<\/strong><\/p>\n<p><strong>5 x 60 min. = 540,- EUR <\/strong>(statt 600,- EUR)<br \/>\n<strong>5 x 90 min. = 675,- EUR <\/strong>(statt 750,- EUR)<\/p>\n<p><a href=\"https:\/\/www.terminland.de\/seelenklopfen\/\" target=\"_blank\" rel=\"noopener noreferrer\"><img data-recalc-dims=\"1\" loading=\"lazy\" decoding=\"async\" class=\"alignnone\" src=\"https:\/\/i0.wp.com\/www.terminland.de\/images\/termin_online_orange.png?resize=180%2C60&#038;ssl=1\" alt=\"Terminland.de - Termin jetzt online buchen\" width=\"180\" height=\"60\" border=\"0\" \/><\/a><\/p>\n<\/div>\n<\/div>\n<p>&nbsp;<\/p>\n<h4><strong><span style=\"color: #dd3333;\">Unterst\u00fctzung Level 3: Komplettpaket &#8222;3 Monate Intensivbegleitung&#8220;<\/span><\/strong><\/h4>\n<p><a href=\"https:\/\/www.seelenklopfen.de\/index.php\/grosses-12-wochen-coachingprogramm\" target=\"_blank\" rel=\"noopener\"><img data-recalc-dims=\"1\" loading=\"lazy\" decoding=\"async\" class=\"alignleft wp-image-6065 size-medium\" src=\"https:\/\/i0.wp.com\/www.seelenklopfen.de\/wp-content\/uploads\/2023\/08\/3-Monate-intensive-Begleitung-Preis.png?resize=300%2C200&#038;ssl=1\" alt=\"\" width=\"300\" height=\"200\" srcset=\"https:\/\/i0.wp.com\/www.seelenklopfen.de\/wp-content\/uploads\/2023\/08\/3-Monate-intensive-Begleitung-Preis.png?resize=300%2C200&amp;ssl=1 300w, https:\/\/i0.wp.com\/www.seelenklopfen.de\/wp-content\/uploads\/2023\/08\/3-Monate-intensive-Begleitung-Preis.png?resize=1024%2C682&amp;ssl=1 1024w, https:\/\/i0.wp.com\/www.seelenklopfen.de\/wp-content\/uploads\/2023\/08\/3-Monate-intensive-Begleitung-Preis.png?resize=768%2C512&amp;ssl=1 768w, https:\/\/i0.wp.com\/www.seelenklopfen.de\/wp-content\/uploads\/2023\/08\/3-Monate-intensive-Begleitung-Preis.png?resize=1000%2C666&amp;ssl=1 1000w, https:\/\/i0.wp.com\/www.seelenklopfen.de\/wp-content\/uploads\/2023\/08\/3-Monate-intensive-Begleitung-Preis.png?resize=230%2C153&amp;ssl=1 230w, https:\/\/i0.wp.com\/www.seelenklopfen.de\/wp-content\/uploads\/2023\/08\/3-Monate-intensive-Begleitung-Preis.png?resize=350%2C233&amp;ssl=1 350w, https:\/\/i0.wp.com\/www.seelenklopfen.de\/wp-content\/uploads\/2023\/08\/3-Monate-intensive-Begleitung-Preis.png?resize=480%2C320&amp;ssl=1 480w, https:\/\/i0.wp.com\/www.seelenklopfen.de\/wp-content\/uploads\/2023\/08\/3-Monate-intensive-Begleitung-Preis.png?resize=800%2C533&amp;ssl=1 800w, https:\/\/i0.wp.com\/www.seelenklopfen.de\/wp-content\/uploads\/2023\/08\/3-Monate-intensive-Begleitung-Preis.png?resize=272%2C182&amp;ssl=1 272w, https:\/\/i0.wp.com\/www.seelenklopfen.de\/wp-content\/uploads\/2023\/08\/3-Monate-intensive-Begleitung-Preis.png?w=1280&amp;ssl=1 1280w\" sizes=\"auto, (max-width: 300px) 100vw, 300px\" \/><\/a><\/p>\n<div class=\"so-widget-sow-editor so-widget-sow-editor-base\">\n<h5><span style=\"color: #dd3333;\">Das gro\u00dfe &#8222;Jetzt will ich es wirklich schaffen!&#8220;-Paket<\/span><span style=\"color: #dd3333;\">:<\/span><\/h5>\n<\/div>\n<\/div>\n<\/div>\n<div id=\"panel-114-0-0-0\" class=\"so-panel widget widget_sow-editor panel-first-child\" data-index=\"0\" data-style=\"{&quot;background_image_attachment&quot;:false,&quot;background_display&quot;:&quot;tile&quot;,&quot;content_alignment&quot;:&quot;left&quot;,&quot;title_color&quot;:&quot;#443f3f&quot;,&quot;headings_color&quot;:&quot;#443f3f&quot;}\">\n<div class=\"panel-widget-style panel-widget-style-for-114-0-0-0\" style=\"text-align: left;\" data-title-color=\"#443f3f\" data-headings-color=\"#443f3f\">\n<div class=\"so-widget-sow-editor so-widget-sow-editor-base\">\n<div data-title-color=\"#443f3f\" data-headings-color=\"#443f3f\">\n<p><strong>24 x 90 min. (Wert: 3.600,- EUR)<\/strong><br \/>\n<strong>Zugang zu s\u00e4mtlichen Onlinekursen (Wert: 799,- EUR)<br \/>\n<\/strong><strong>12 Wochen Programm mit ausf\u00fchrlichem Workbook<br \/>\nUmfangreiches Material mit Videos, Arbeitsbl\u00e4ttern, Meditationen etc.<br \/>\n2x w\u00f6chentliche Zoomsitzungen alleine oder in der Kleingruppe<\/strong><br \/>\n<strong>Durchgehende Betreuung per Messenger<\/strong><\/p>\n<\/div>\n<\/div>\n<\/div>\n<h5><a class=\"maxbutton-26 maxbutton maxbutton-zu-meinem-angebot\" title=\"Direkt zu meinem Angebot\" href=\"https:\/\/www.seelenklopfen.de\/index.php\/grosses-12-wochen-coachingprogramm\"><span class='mb-text'>Mehr Infos<\/span><\/a><\/h5>\n<\/div>\n<\/div>\n<\/div>\n<\/div>\n<\/div>\n<p>&nbsp;<\/p>\n<h5 data-title-color=\"#443f3f\" data-headings-color=\"#443f3f\">Lebensfreude-Paket: F\u00fcnf Therapiesitzungen kommen Dir wenig vor?<\/h5>\n<div data-title-color=\"#443f3f\" data-headings-color=\"#443f3f\">\n<div data-title-color=\"#443f3f\" data-headings-color=\"#443f3f\">\n<p>Durch das <span style=\"color: #dd3333;\"><strong>&#8222;Hilfe zur Selbsthilfe&#8220;-Prinzip<\/strong><\/span> kannst Du mit 5 Sitzungen schon ein ganzes St\u00fcck auf Deinem Weg vorankommen.<\/p>\n<\/div>\n<div data-title-color=\"#443f3f\" data-headings-color=\"#443f3f\">In dieser Zeit kannst Du die Technik <a href=\"https:\/\/www.seelenklopfen.de\/index.php\/eft-klopfakupressur\/\">EFT<\/a> so gut lernen, dass Du Dir im Alltag alleine weiterhelfen kannst.<\/div>\n<div data-title-color=\"#443f3f\" data-headings-color=\"#443f3f\">Gut geeignet&#8230;<br \/>\n&#8230; um eine <strong>Gespr\u00e4chstherapie zu erg\u00e4nzen,<\/strong><\/div>\n<div data-title-color=\"#443f3f\" data-headings-color=\"#443f3f\">\n<div data-title-color=\"#443f3f\" data-headings-color=\"#443f3f\">\n<div data-title-color=\"#443f3f\" data-headings-color=\"#443f3f\">&#8230; um die <strong>Wartezeit auf einen Kassentherapieplatz zu \u00fcberbr\u00fccken,<\/strong><\/div>\n<\/div>\n<\/div>\n<div data-title-color=\"#443f3f\" data-headings-color=\"#443f3f\">&#8230; um <strong>alternative Sichtweisen und L\u00f6sungsans\u00e4tze<\/strong> zu entdecken,<\/div>\n<div data-title-color=\"#443f3f\" data-headings-color=\"#443f3f\">&#8230; um das <strong>Erfolgsrezept einer ehemaligen Betroffenen<\/strong> kennenzulernen.<\/div>\n<\/div>\n<div data-title-color=\"#443f3f\" data-headings-color=\"#443f3f\"><\/div>\n<div id=\"pl-622\" class=\"panel-layout\">\n<div id=\"pg-622-0\" class=\"panel-grid panel-has-style\" data-style=\"{&quot;cell_alignment&quot;:&quot;flex-start&quot;,&quot;align&quot;:&quot;&quot;,&quot;overlay&quot;:&quot;&quot;,&quot;overlay_color&quot;:&quot;#000000&quot;}\" data-ratio=\"1\" data-ratio-direction=\"right\">\n<div class=\"panel-row-style panel-row-style-for-622-0\" style=\"padding: 100px 0;\" data-overlay=\"true\" data-overlay-color=\"#000000\">\n<div id=\"pgc-622-0-0\" class=\"panel-grid-cell\" data-weight=\"1\">\n<div id=\"panel-622-0-0-1\" class=\"so-panel widget widget_text\" data-index=\"1\" data-style=\"{&quot;padding&quot;:&quot;0px 0px 0px 0px&quot;,&quot;mobile_padding&quot;:&quot;0px 0px 0px 0px&quot;,&quot;background_image_attachment&quot;:false,&quot;background_display&quot;:&quot;tile&quot;,&quot;content_alignment&quot;:&quot;center&quot;,&quot;title_color&quot;:&quot;#443f3f&quot;,&quot;headings_color&quot;:&quot;#443f3f&quot;}\">\n<div class=\"panel-widget-style panel-widget-style-for-622-0-0-1\" style=\"text-align: center;\" data-title-color=\"#443f3f\" data-headings-color=\"#443f3f\">\n<h3 class=\"widget-title\">Seelenklopfen &#8211; Der Onlinekurs<\/h3>\n<h3><strong style=\"color: #dd3333; font-size: 16px;\">Wenn Du EFT wirklich lernen willst, dann empfehle ich Dir meinen Onlinekurs.<\/strong><\/h3>\n<\/div>\n<\/div>\n<p><a href=\"https:\/\/onlinekurs.seelenklopfen.de\" target=\"_blank\" rel=\"noopener\"><img data-recalc-dims=\"1\" loading=\"lazy\" decoding=\"async\" class=\"alignleft wp-image-4628\" src=\"https:\/\/i0.wp.com\/www.seelenklopfen.de\/wp-content\/uploads\/2021\/02\/Onlinekurs.png?resize=345%2C194&#038;ssl=1\" alt=\"Seelenklopfen - Der Onlinekurs\" width=\"345\" height=\"194\" srcset=\"https:\/\/i0.wp.com\/www.seelenklopfen.de\/wp-content\/uploads\/2021\/02\/Onlinekurs.png?resize=300%2C169&amp;ssl=1 300w, https:\/\/i0.wp.com\/www.seelenklopfen.de\/wp-content\/uploads\/2021\/02\/Onlinekurs.png?resize=1024%2C576&amp;ssl=1 1024w, https:\/\/i0.wp.com\/www.seelenklopfen.de\/wp-content\/uploads\/2021\/02\/Onlinekurs.png?resize=768%2C432&amp;ssl=1 768w, https:\/\/i0.wp.com\/www.seelenklopfen.de\/wp-content\/uploads\/2021\/02\/Onlinekurs.png?resize=830%2C467&amp;ssl=1 830w, https:\/\/i0.wp.com\/www.seelenklopfen.de\/wp-content\/uploads\/2021\/02\/Onlinekurs.png?resize=230%2C129&amp;ssl=1 230w, https:\/\/i0.wp.com\/www.seelenklopfen.de\/wp-content\/uploads\/2021\/02\/Onlinekurs.png?resize=350%2C197&amp;ssl=1 350w, https:\/\/i0.wp.com\/www.seelenklopfen.de\/wp-content\/uploads\/2021\/02\/Onlinekurs.png?resize=480%2C270&amp;ssl=1 480w, https:\/\/i0.wp.com\/www.seelenklopfen.de\/wp-content\/uploads\/2021\/02\/Onlinekurs.png?w=1280&amp;ssl=1 1280w\" sizes=\"auto, (max-width: 345px) 100vw, 345px\" \/><\/a>Ich habe f\u00fcr Dich eine gro\u00dfe <strong>Sammlung von 50 interaktiven Videos<\/strong> zum Mitklopfen aufgenommen, damit Du die M\u00f6glichkeit hast, sofort mit dem <strong>Klopfen<\/strong> anzufangen und es Dir mit den Videos <strong>selbst beizubringen<\/strong>.<\/p>\n<p>In <strong>10 verschiedenen thematischen Modulen<\/strong> hast Du die M\u00f6glichkeit, t\u00e4glich an Deinen Themen zu arbeiten. (z.B. Selbstwertgef\u00fchl steigern, Emotionen loslassen, Glaubenss\u00e4tze ver\u00e4ndern, Blockaden l\u00f6sen, Grenzen setzen, verzeihen und loslassen lernen etc.)<\/p>\n<a class=\"maxbutton-2 maxbutton\" target=\"_blank\" title=\"Hier geht es zur Newsletter-Anmeldung\" rel=\"noopener\" href=\"https:\/\/onlinekurs.seelenklopfen.de\"><span class='mb-text'>Mehr Infos<\/span><\/a>\n<\/div>\n<\/div>\n<h4><a href=\"https:\/\/onlinekurs.seelenklopfen.de\/index.php\/produkt-kategorie\/klopf-pakete\/\"><span style=\"color: #dd3333;\">Die g\u00fcnstigen Sparpakete: Kurs + EFT-Sitzung<\/span><\/a><\/h4>\n<p>Auch wenn dieser Onlinekurs f\u00fcr die Selbsthilfe geeignet ist, macht es nicht nur f\u00fcr Klopf-Anf\u00e4nger durchaus Sinn, <strong>zun\u00e4chst mit einer pers\u00f6nlichen Klopfsitzung zu beginnen.<\/strong><\/p>\n<p>Du kannst dabei alle Deine <strong>Fragen kl\u00e4ren<\/strong> und erf\u00e4hrst im direkten Kontakt, wie Du die allgemeinen <strong>Klopfvideos<\/strong> <strong>genau auf Dein spezielles Thema zuschneiden<\/strong> kannst<span style=\"font-size: 16px;\">.<\/span><\/p>\n<p><strong>So wird es Dir anschlie\u00dfend leicht fallen, den Onlinekurs optimal zu nutzen.<\/strong><\/p>\n<div class=\"panel-row-style panel-row-style-for-622-0\" style=\"padding: 100px 0;\" data-overlay=\"true\" data-overlay-color=\"#000000\">\n<p><a href=\"https:\/\/onlinekurs.seelenklopfen.de\/index.php\/produkt\/grosses-klopfpaket\/\u200e\" target=\"_blank\" rel=\"noopener\"><img data-recalc-dims=\"1\" loading=\"lazy\" decoding=\"async\" class=\"alignleft wp-image-1633\" src=\"https:\/\/i0.wp.com\/onlinekurs.seelenklopfen.de\/wp-content\/uploads\/2022\/01\/Herz-Geschenk-1200x757-1-298x300.jpeg?resize=199%2C200&#038;ssl=1\" alt=\"\" width=\"199\" height=\"200\" \/><\/a><\/p>\n<p>&nbsp;<\/p>\n<h5><strong><a href=\"https:\/\/onlinekurs.seelenklopfen.de\/index.php\/produkt\/grosses-klopfpaket\/\" target=\"_blank\" rel=\"noopener\"><span style=\"color: #dd3333;\">Gro\u00dfes Klopf-Paket<br \/>\n<\/span><\/a>1 x 90 min. EFT Sitzung + Modul 10: <\/strong>\u00a0<strong>475,- EUR\u00a0 <span style=\"color: #dd3333;\"><del>statt 549,-<\/del><\/span><br \/>\n<\/strong><\/h5>\n<p>Das Modul 10 beinhaltet den gesamten Onlinekurs mit 50 Videos!<\/p>\n<a class=\"maxbutton-23 maxbutton maxbutton-zuruck-zur-ubersicht-hauptseite-onlinekurs\" target=\"_blank\" title=\"Zur\u00fcck zur Onlinekurs \u00dcbersicht (Alle Module)\" rel=\"noopener\" href=\"https:\/\/onlinekurs.seelenklopfen.de\/index.php\/produkt\/grosses-klopfpaket\"><span class='mb-text'>Infos und Bestellung<\/span><\/a>\n<p>&nbsp;<\/p>\n<p>&nbsp;<\/p>\n<p><a href=\"https:\/\/onlinekurs.seelenklopfen.de\/index.php\/produkt\/kleines-klopfpak\u2026-sitzung-modul-2\" target=\"_blank\" rel=\"noopener\"><img data-recalc-dims=\"1\" loading=\"lazy\" decoding=\"async\" class=\"alignleft wp-image-1633\" src=\"https:\/\/i0.wp.com\/onlinekurs.seelenklopfen.de\/wp-content\/uploads\/2022\/01\/Herz-Geschenk-1200x757-1-298x300.jpeg?resize=199%2C200&#038;ssl=1\" alt=\"\" width=\"199\" height=\"200\" \/><\/a><\/p>\n<p>&nbsp;<\/p>\n<h5><strong><span style=\"color: #dd3333;\"><a style=\"color: #dd3333;\" href=\"https:\/\/onlinekurs.seelenklopfen.de\/index.php\/produkt\/kleines-klopfpak\u2026-sitzung-modul-2\" target=\"_blank\" rel=\"noopener\">Mittleres Klopf-Paket<\/a><br \/>\n<\/span>1 x 90 min. EFT Sitzung + Modul 2: <\/strong>\u00a0<strong>299,- EUR\u00a0 <span style=\"color: #dd3333;\"><del>statt 349,-<\/del><\/span><br \/>\n<\/strong><\/h5>\n<p>Der Preis bezieht sich ausschlie\u00dflich auf das Modul 2!<\/p>\n<a class=\"maxbutton-23 maxbutton maxbutton-zuruck-zur-ubersicht-hauptseite-onlinekurs\" target=\"_blank\" title=\"Zur\u00fcck zur Onlinekurs \u00dcbersicht (Alle Module)\" rel=\"noopener\" href=\"https:\/\/onlinekurs.seelenklopfen.de\/index.php\/produkt\/kleines-klopfpaket-ii-1-sitzung-modul-2\"><span class='mb-text'>Infos und Bestellung<\/span><\/a>\n<p>&nbsp;<\/p>\n<p>&nbsp;<\/p>\n<p><a href=\"https:\/\/onlinekurs.seelenklopfen.de\/index.php\/produkt\/kleines-klopfpaket1\" target=\"_blank\" rel=\"noopener\"><img data-recalc-dims=\"1\" loading=\"lazy\" decoding=\"async\" class=\"alignleft wp-image-1633\" src=\"https:\/\/i0.wp.com\/onlinekurs.seelenklopfen.de\/wp-content\/uploads\/2022\/01\/Herz-Geschenk-1200x757-1-298x300.jpeg?resize=199%2C200&#038;ssl=1\" alt=\"\" width=\"199\" height=\"200\" \/><\/a><\/p>\n<p>&nbsp;<\/p>\n<h5><strong><span style=\"color: #dd3333;\"><a href=\"https:\/\/onlinekurs.seelenklopfen.de\/index.php\/produkt\/kleines-klopfpaket1\" target=\"_blank\" rel=\"noopener\">Kleines Klopf-Paket<\/a><br \/>\n<\/span>1 x 90 min. EFT Sitzung + 1 Einzelmodul: <\/strong>\u00a0<strong>249,- EUR\u00a0 <span style=\"color: #dd3333;\"><del>statt 299,-<\/del><\/span><br \/>\n<\/strong><\/h5>\n<p>Der Preis bezieht sich auf die Module 1 und 3-9.<\/p>\n<a class=\"maxbutton-23 maxbutton maxbutton-zuruck-zur-ubersicht-hauptseite-onlinekurs\" target=\"_blank\" title=\"Zur\u00fcck zur Onlinekurs \u00dcbersicht (Alle Module)\" rel=\"noopener\" href=\"https:\/\/onlinekurs.seelenklopfen.de\/index.php\/produkt\/kleines-klopfpaket1\"><span class='mb-text'>Infos und Bestellung<\/span><\/a>\n<p>&nbsp;<\/p>\n<p>&nbsp;<\/p>\n<p><strong><em>Alle Sitzungen finden in der Regel per Videokonferenz statt, in Ausnahmef\u00e4llen auch pers\u00f6nlich in meiner Praxis.<\/em><\/strong><br \/>\n<strong><em>Terminbuchungen \u00fcber meinen Onlinekalender:<\/em><\/strong><\/p>\n<p><strong><em><img data-recalc-dims=\"1\" loading=\"lazy\" decoding=\"async\" class=\"size-full wp-image-4499 alignleft\" src=\"https:\/\/i0.wp.com\/www.seelenklopfen.de\/wp-content\/uploads\/2020\/06\/Terminland-Logo.png?resize=180%2C60&#038;ssl=1\" alt=\"Termin online buchen\" width=\"180\" height=\"60\" \/><\/em><\/strong><\/p>\n<p>&nbsp;<\/p>\n<p><strong><em><a href=\"https:\/\/www.terminland.de\/seelenklopfen\">www.terminland.de\/seelenklopfen<\/a><\/em><\/strong><\/p>\n<p>&nbsp;<\/p>\n<h4>Weitere Angebote<\/h4>\n<h5><img data-recalc-dims=\"1\" loading=\"lazy\" decoding=\"async\" class=\"size-medium wp-image-5909 alignleft\" src=\"https:\/\/i0.wp.com\/www.seelenklopfen.de\/wp-content\/uploads\/2023\/04\/Werbevideo-Affirmationen_mit_Videosymbol.png?resize=300%2C169&#038;ssl=1\" alt=\"\" width=\"300\" height=\"169\" srcset=\"https:\/\/i0.wp.com\/www.seelenklopfen.de\/wp-content\/uploads\/2023\/04\/Werbevideo-Affirmationen_mit_Videosymbol.png?resize=300%2C169&amp;ssl=1 300w, https:\/\/i0.wp.com\/www.seelenklopfen.de\/wp-content\/uploads\/2023\/04\/Werbevideo-Affirmationen_mit_Videosymbol.png?resize=1024%2C576&amp;ssl=1 1024w, https:\/\/i0.wp.com\/www.seelenklopfen.de\/wp-content\/uploads\/2023\/04\/Werbevideo-Affirmationen_mit_Videosymbol.png?resize=768%2C432&amp;ssl=1 768w, https:\/\/i0.wp.com\/www.seelenklopfen.de\/wp-content\/uploads\/2023\/04\/Werbevideo-Affirmationen_mit_Videosymbol.png?resize=1000%2C563&amp;ssl=1 1000w, https:\/\/i0.wp.com\/www.seelenklopfen.de\/wp-content\/uploads\/2023\/04\/Werbevideo-Affirmationen_mit_Videosymbol.png?resize=230%2C129&amp;ssl=1 230w, https:\/\/i0.wp.com\/www.seelenklopfen.de\/wp-content\/uploads\/2023\/04\/Werbevideo-Affirmationen_mit_Videosymbol.png?resize=350%2C197&amp;ssl=1 350w, https:\/\/i0.wp.com\/www.seelenklopfen.de\/wp-content\/uploads\/2023\/04\/Werbevideo-Affirmationen_mit_Videosymbol.png?resize=480%2C270&amp;ssl=1 480w, https:\/\/i0.wp.com\/www.seelenklopfen.de\/wp-content\/uploads\/2023\/04\/Werbevideo-Affirmationen_mit_Videosymbol.png?resize=800%2C450&amp;ssl=1 800w, https:\/\/i0.wp.com\/www.seelenklopfen.de\/wp-content\/uploads\/2023\/04\/Werbevideo-Affirmationen_mit_Videosymbol.png?w=1280&amp;ssl=1 1280w\" sizes=\"auto, (max-width: 300px) 100vw, 300px\" \/><br \/>\n<a href=\"https:\/\/www.seelenklopfen.de\/index.php\/produkt\/affirmationen\/\">Selbstliebe Affirmationen<\/a><\/h5>\n<p><strong>&#8222;100 liebevolle Ich-Botschaften&#8220; zum Anh\u00f6ren, Mitklopfen oder Einschlafen<\/strong><\/p>\n<p><span style=\"color: #dd3333;\"><strong>30 min. Video + Audio: 19,90 EUR<\/strong><\/span><\/p>\n<a class=\"maxbutton-25 maxbutton maxbutton-zuruck-zur-ubersicht-hauptseite-onlinekurs\" target=\"_blank\" title=\"Zur\u00fcck zur Onlinekurs \u00dcbersicht (Alle Module)\" rel=\"noopener\" href=\"https:\/\/www.seelenklopfen.de\/index.php\/produkt\/affirmationen\/\"><span class='mb-text'>Mehr Infos<\/span><\/a>\n<\/div>\n<\/div>\n<\/div>\n","protected":false},"excerpt":{"rendered":"<p>Unterst\u00fctzung Level 1: Einzelsitzung EFT Einzelsitzung: 60 min. 120,- EUR 90 min. 150,- EUR &nbsp; &nbsp; Unterst\u00fctzung Level 2: &#8222;Lebensfreude-Paket&#8220; (5x EFT) [&hellip;]<\/p>\n","protected":false},"author":1,"featured_media":0,"parent":0,"menu_order":16,"comment_status":"closed","ping_status":"closed","template":"","meta":{"footnotes":""},"class_list":["post-622","page","type-page","status-publish","hentry"],"jetpack_sharing_enabled":true,"_links":{"self":[{"href":"https:\/\/www.seelenklopfen.de\/index.php\/wp-json\/wp\/v2\/pages\/622","targetHints":{"allow":["GET"]}}],"collection":[{"href":"https:\/\/www.seelenklopfen.de\/index.php\/wp-json\/wp\/v2\/pages"}],"about":[{"href":"https:\/\/www.seelenklopfen.de\/index.php\/wp-json\/wp\/v2\/types\/page"}],"author":[{"embeddable":true,"href":"https:\/\/www.seelenklopfen.de\/index.php\/wp-json\/wp\/v2\/users\/1"}],"replies":[{"embeddable":true,"href":"https:\/\/www.seelenklopfen.de\/index.php\/wp-json\/wp\/v2\/comments?post=622"}],"version-history":[{"count":9,"href":"https:\/\/www.seelenklopfen.de\/index.php\/wp-json\/wp\/v2\/pages\/622\/revisions"}],"predecessor-version":[{"id":6071,"href":"https:\/\/www.seelenklopfen.de\/index.php\/wp-json\/wp\/v2\/pages\/622\/revisions\/6071"}],"wp:attachment":[{"href":"https:\/\/www.seelenklopfen.de\/index.php\/wp-json\/wp\/v2\/media?parent=622"}],"curies":[{"name":"wp","href":"https:\/\/api.w.org\/{rel}","templated":true}]}}