
{"id":6765,"date":"2025-10-07T11:23:49","date_gmt":"2025-10-07T09:23:49","guid":{"rendered":"https:\/\/www.seelenklopfen.de\/?page_id=6765"},"modified":"2025-12-24T15:18:09","modified_gmt":"2025-12-24T14:18:09","slug":"flugangst","status":"publish","type":"page","link":"https:\/\/www.seelenklopfen.de\/index.php\/flugangst\/","title":{"rendered":"Flugangst"},"content":{"rendered":"<h5><span style=\"color: #dd3333;\"><strong>Flugangst wegklopfen &#8211; wie geht das? Sabine LIVE im Selbstexperiment!<\/strong><\/span><\/h5>\n<p><iframe loading=\"lazy\" hcb-fetch-image-from=\"https:\/\/youtu.be\/nUX2Uoe9vZw?si=JipUjAtXMdZ9rJ-t\" title=\"Sabine&#039;s Weihnachts-Special LIVE: Flugangst mit EFT \u00fcberwinden! (Im mutigen Selbstexperiment!)\" width=\"1170\" height=\"658\" src=\"https:\/\/www.youtube.com\/embed\/nUX2Uoe9vZw?feature=oembed\" frameborder=\"0\" allow=\"accelerometer; autoplay; clipboard-write; encrypted-media; gyroscope; picture-in-picture; web-share\" referrerpolicy=\"strict-origin-when-cross-origin\" allowfullscreen><\/iframe><\/p>\n<h5><\/h5>\n<h5><span style=\"color: #dd3333;\"><strong>Kennst du dieses Problem auch?<\/strong> <\/span><\/h5>\n<p><img data-recalc-dims=\"1\" loading=\"lazy\" decoding=\"async\" class=\" wp-image-6767 alignright\" src=\"https:\/\/i0.wp.com\/www.seelenklopfen.de\/wp-content\/uploads\/2025\/10\/farah-almazouni-TEgecGHlkws-unsplash.jpg?resize=237%2C357&#038;ssl=1\" alt=\"\" width=\"237\" height=\"357\" srcset=\"https:\/\/i0.wp.com\/www.seelenklopfen.de\/wp-content\/uploads\/2025\/10\/farah-almazouni-TEgecGHlkws-unsplash-scaled.jpg?resize=199%2C300&amp;ssl=1 199w, https:\/\/i0.wp.com\/www.seelenklopfen.de\/wp-content\/uploads\/2025\/10\/farah-almazouni-TEgecGHlkws-unsplash-scaled.jpg?resize=681%2C1024&amp;ssl=1 681w, https:\/\/i0.wp.com\/www.seelenklopfen.de\/wp-content\/uploads\/2025\/10\/farah-almazouni-TEgecGHlkws-unsplash-scaled.jpg?resize=768%2C1155&amp;ssl=1 768w, https:\/\/i0.wp.com\/www.seelenklopfen.de\/wp-content\/uploads\/2025\/10\/farah-almazouni-TEgecGHlkws-unsplash-scaled.jpg?resize=1021%2C1536&amp;ssl=1 1021w, https:\/\/i0.wp.com\/www.seelenklopfen.de\/wp-content\/uploads\/2025\/10\/farah-almazouni-TEgecGHlkws-unsplash-scaled.jpg?resize=1362%2C2048&amp;ssl=1 1362w, https:\/\/i0.wp.com\/www.seelenklopfen.de\/wp-content\/uploads\/2025\/10\/farah-almazouni-TEgecGHlkws-unsplash-scaled.jpg?resize=1000%2C1504&amp;ssl=1 1000w, https:\/\/i0.wp.com\/www.seelenklopfen.de\/wp-content\/uploads\/2025\/10\/farah-almazouni-TEgecGHlkws-unsplash-scaled.jpg?resize=230%2C346&amp;ssl=1 230w, https:\/\/i0.wp.com\/www.seelenklopfen.de\/wp-content\/uploads\/2025\/10\/farah-almazouni-TEgecGHlkws-unsplash-scaled.jpg?resize=350%2C526&amp;ssl=1 350w, https:\/\/i0.wp.com\/www.seelenklopfen.de\/wp-content\/uploads\/2025\/10\/farah-almazouni-TEgecGHlkws-unsplash-scaled.jpg?resize=480%2C722&amp;ssl=1 480w, https:\/\/i0.wp.com\/www.seelenklopfen.de\/wp-content\/uploads\/2025\/10\/farah-almazouni-TEgecGHlkws-unsplash-scaled.jpg?resize=1320%2C1986&amp;ssl=1 1320w, https:\/\/i0.wp.com\/www.seelenklopfen.de\/wp-content\/uploads\/2025\/10\/farah-almazouni-TEgecGHlkws-unsplash-scaled.jpg?resize=800%2C1203&amp;ssl=1 800w, https:\/\/i0.wp.com\/www.seelenklopfen.de\/wp-content\/uploads\/2025\/10\/farah-almazouni-TEgecGHlkws-unsplash-scaled.jpg?w=1702&amp;ssl=1 1702w\" sizes=\"auto, (max-width: 237px) 100vw, 237px\" \/><\/p>\n<p>Du musst aus <strong>beruflichen Gr\u00fcnden<\/strong> viel reisen.<br \/>\nDu m\u00f6chtest gerne <strong>Freunde und Familie besuchen<\/strong>.<br \/>\nDu w\u00fcrdest dir gerne die <strong>sch\u00f6nsten Orte der Welt<\/strong> anschauen.<\/p>\n<p>Aber da ist immer diese eine Sache, die dir Bauchschmerzen macht:<br \/>\n<strong>Der bevorstehende Flug in einem Flugzeug!<br \/>\n<\/strong><\/p>\n<p>Dein Kopf wei\u00df, dass h\u00f6chstwahrscheinlich alles normal verlaufen wird.<\/p>\n<p>Aber diese irrationale Angst&#8230; Die Ger\u00e4usche im Flugzeug, die Enge, das Gef\u00fchl bei Turbulenzen, der schmerzhafte Druck auf den Ohren, die schwitzigen H\u00e4nde, das Herzrasen&#8230;.<\/p>\n<h6><span style=\"color: #ff6600;\"><strong>K\u00f6nnte man diesen Stress nicht irgendwie loswerden?!<\/strong><\/span><\/h6>\n<p>&nbsp;<\/p>\n<p>&nbsp;<\/p>\n<h6><img data-recalc-dims=\"1\" loading=\"lazy\" decoding=\"async\" class=\" wp-image-6768 alignleft\" src=\"https:\/\/i0.wp.com\/www.seelenklopfen.de\/wp-content\/uploads\/2025\/10\/Sabine-im-Flugzeug.jpg?resize=315%2C236&#038;ssl=1\" alt=\"\" width=\"315\" height=\"236\" srcset=\"https:\/\/i0.wp.com\/www.seelenklopfen.de\/wp-content\/uploads\/2025\/10\/Sabine-im-Flugzeug-scaled.jpg?resize=300%2C225&amp;ssl=1 300w, https:\/\/i0.wp.com\/www.seelenklopfen.de\/wp-content\/uploads\/2025\/10\/Sabine-im-Flugzeug-scaled.jpg?resize=1024%2C768&amp;ssl=1 1024w, https:\/\/i0.wp.com\/www.seelenklopfen.de\/wp-content\/uploads\/2025\/10\/Sabine-im-Flugzeug-scaled.jpg?resize=768%2C576&amp;ssl=1 768w, https:\/\/i0.wp.com\/www.seelenklopfen.de\/wp-content\/uploads\/2025\/10\/Sabine-im-Flugzeug-scaled.jpg?resize=1536%2C1152&amp;ssl=1 1536w, https:\/\/i0.wp.com\/www.seelenklopfen.de\/wp-content\/uploads\/2025\/10\/Sabine-im-Flugzeug-scaled.jpg?resize=2048%2C1536&amp;ssl=1 2048w, https:\/\/i0.wp.com\/www.seelenklopfen.de\/wp-content\/uploads\/2025\/10\/Sabine-im-Flugzeug-scaled.jpg?resize=1000%2C750&amp;ssl=1 1000w, https:\/\/i0.wp.com\/www.seelenklopfen.de\/wp-content\/uploads\/2025\/10\/Sabine-im-Flugzeug-scaled.jpg?resize=230%2C173&amp;ssl=1 230w, https:\/\/i0.wp.com\/www.seelenklopfen.de\/wp-content\/uploads\/2025\/10\/Sabine-im-Flugzeug-scaled.jpg?resize=350%2C263&amp;ssl=1 350w, https:\/\/i0.wp.com\/www.seelenklopfen.de\/wp-content\/uploads\/2025\/10\/Sabine-im-Flugzeug-scaled.jpg?resize=480%2C360&amp;ssl=1 480w, https:\/\/i0.wp.com\/www.seelenklopfen.de\/wp-content\/uploads\/2025\/10\/Sabine-im-Flugzeug-scaled.jpg?resize=1320%2C990&amp;ssl=1 1320w, https:\/\/i0.wp.com\/www.seelenklopfen.de\/wp-content\/uploads\/2025\/10\/Sabine-im-Flugzeug-scaled.jpg?resize=800%2C600&amp;ssl=1 800w, https:\/\/i0.wp.com\/www.seelenklopfen.de\/wp-content\/uploads\/2025\/10\/Sabine-im-Flugzeug-scaled.jpg?w=2340&amp;ssl=1 2340w\" sizes=\"auto, (max-width: 315px) 100vw, 315px\" \/><br \/>\n<span style=\"color: #dd3333;\"><strong>Ja, kann man! Hab ich auch geschafft! \ud83d\ude42<\/strong><\/span><\/h6>\n<p>20 Jahre lang hatte ich panische Angst vor dem Fliegen.<br \/>\nBis ich 2011 EFT kennengelernt und meine Flugangst einfach &#8222;weggeklopft&#8220; habe!<\/p>\n<p>Darf ich dir auch zeigen, wie du endlich mit kribbelnder Vorfreude statt mit l\u00e4hmender Angst in den Flieger steigen kannst?<\/p>\n<p><span style=\"color: #ff6600;\"><strong>Buch dir gerne deine pers\u00f6nliche EFT-Sitzung:<\/strong><\/span><br \/>\n<a href=\"https:\/\/www.terminland.de\/seelenklopfen\" target=\"_blank\" rel=\"noopener\">www.terminland.de\/seelenklopfen<\/a><\/p>\n<p>&nbsp;<\/p>\n","protected":false},"excerpt":{"rendered":"<p>Flugangst wegklopfen &#8211; wie geht das? Sabine LIVE im Selbstexperiment! Kennst du dieses Problem auch? Du musst aus beruflichen Gr\u00fcnden viel reisen. [&hellip;]<\/p>\n","protected":false},"author":1,"featured_media":0,"parent":0,"menu_order":0,"comment_status":"closed","ping_status":"closed","template":"","meta":{"footnotes":""},"class_list":["post-6765","page","type-page","status-publish","hentry"],"jetpack_sharing_enabled":true,"_links":{"self":[{"href":"https:\/\/www.seelenklopfen.de\/index.php\/wp-json\/wp\/v2\/pages\/6765","targetHints":{"allow":["GET"]}}],"collection":[{"href":"https:\/\/www.seelenklopfen.de\/index.php\/wp-json\/wp\/v2\/pages"}],"about":[{"href":"https:\/\/www.seelenklopfen.de\/index.php\/wp-json\/wp\/v2\/types\/page"}],"author":[{"embeddable":true,"href":"https:\/\/www.seelenklopfen.de\/index.php\/wp-json\/wp\/v2\/users\/1"}],"replies":[{"embeddable":true,"href":"https:\/\/www.seelenklopfen.de\/index.php\/wp-json\/wp\/v2\/comments?post=6765"}],"version-history":[{"count":11,"href":"https:\/\/www.seelenklopfen.de\/index.php\/wp-json\/wp\/v2\/pages\/6765\/revisions"}],"predecessor-version":[{"id":6786,"href":"https:\/\/www.seelenklopfen.de\/index.php\/wp-json\/wp\/v2\/pages\/6765\/revisions\/6786"}],"wp:attachment":[{"href":"https:\/\/www.seelenklopfen.de\/index.php\/wp-json\/wp\/v2\/media?parent=6765"}],"curies":[{"name":"wp","href":"https:\/\/api.w.org\/{rel}","templated":true}]}}