
{"id":759,"date":"2018-02-11T17:02:48","date_gmt":"2018-02-11T16:02:48","guid":{"rendered":"http:\/\/www.seelenklopfen.de\/Test\/?page_id=759"},"modified":"2019-10-25T11:08:02","modified_gmt":"2019-10-25T09:08:02","slug":"psychosomatik","status":"publish","type":"page","link":"https:\/\/www.seelenklopfen.de\/index.php\/psychosomatik\/","title":{"rendered":"Psychosomatik"},"content":{"rendered":"<figure id=\"attachment_740\" aria-describedby=\"caption-attachment-740\" style=\"width: 300px\" class=\"wp-caption alignright\"><img data-recalc-dims=\"1\" loading=\"lazy\" decoding=\"async\" class=\"wp-image-740 size-medium\" src=\"https:\/\/i0.wp.com\/www.seelenklopfen.de\/wp-content\/uploads\/2018\/02\/Pychosomatik-300x200.jpg?resize=300%2C200\" alt=\"Nackenschmerzen sind h\u00e4ufig psychosomatisch bedingt.\" width=\"300\" height=\"200\" srcset=\"https:\/\/i0.wp.com\/www.seelenklopfen.de\/wp-content\/uploads\/2018\/02\/Pychosomatik.jpg?resize=300%2C200&amp;ssl=1 300w, https:\/\/i0.wp.com\/www.seelenklopfen.de\/wp-content\/uploads\/2018\/02\/Pychosomatik.jpg?resize=230%2C154&amp;ssl=1 230w, https:\/\/i0.wp.com\/www.seelenklopfen.de\/wp-content\/uploads\/2018\/02\/Pychosomatik.jpg?resize=350%2C234&amp;ssl=1 350w, https:\/\/i0.wp.com\/www.seelenklopfen.de\/wp-content\/uploads\/2018\/02\/Pychosomatik.jpg?resize=272%2C182&amp;ssl=1 272w, https:\/\/i0.wp.com\/www.seelenklopfen.de\/wp-content\/uploads\/2018\/02\/Pychosomatik.jpg?w=424&amp;ssl=1 424w\" sizes=\"auto, (max-width: 300px) 100vw, 300px\" \/><figcaption id=\"caption-attachment-740\" class=\"wp-caption-text\"><em>&#8222;Sag du es ihr&#8220;, sprach die Seele zum K\u00f6rper. &#8222;Auf mich h\u00f6rt sie nicht.&#8220;<\/em><\/figcaption><\/figure>\n<p>Wenn <strong>k\u00f6rperliche Symptome<\/strong> sich medizinisch nicht erkl\u00e4ren lassen, dann sind sie meistens psychosomatisch bedingt, und es steckt eine <strong>seelische Belastung<\/strong> dahinter. Der Zusammenhang ist nicht immer auf den ersten Blick erkennbar, da die tieferen Ursachen psychosomatischer Probleme oft im Unterbewusstsein verborgen liegen. Da braucht es manchmal ein bisschen Detektivarbeit, um die Wurzeln des Symptoms herauszufinden.<br \/>\nManchmal hilft bereits eine <strong>Deutung der Symbolik<\/strong> weiter. Auch alte Volksweisheiten geben Hinweise, z.B. sitzt die Wut im Bauch, die Angst im Nacken etc.<\/p>\n<p>Wenn ich beispielsweise Probleme mit den Augen habe, darf ich mir Fragen stellen wie:<em><br \/>\n&#8222;Wo will ich nicht hinschauen?&#8220;<br \/>\n&#8222;Was kann ich nicht mehr sehen?&#8220;<\/em><\/p>\n<p>Oder bei Problemen mit dem Magen-Darm-Trakt:<em><br \/>\n&#8222;Welches Erlebnis habe ich noch nicht verdaut?&#8220;<br \/>\n&#8222;Welchen \u00c4rger habe ich immer hinuntergeschluckt?&#8220;<\/em><\/p>\n<p>Ich unterst\u00fctze Dich dabei, Dich St\u00fcck f\u00fcr St\u00fcck an die<strong> tiefsten Ursachen Deiner psychosomatischen Probleme<\/strong> heranzutasten und sie dann <strong>mit <a href=\"http:\/\/www.seelenklopfen.de\/index.php\/eft-klopfakupressur\/\">EFT<\/a> aufzul\u00f6sen.<\/strong> Wenn die Botschaft des Symptoms verstanden wurde, dann hat es seinen Sinn und Zweck erf\u00fcllt und verschwindet meist ganz von allein.<\/p>\n<p><iframe loading=\"lazy\" hcb-fetch-image-from=\"https:\/\/youtu.be\/PYmKBp_okmQ\" width=\"1170\" height=\"658\" src=\"https:\/\/www.youtube.com\/embed\/PYmKBp_okmQ?feature=oembed\" frameborder=\"0\" allow=\"accelerometer; autoplay; encrypted-media; gyroscope; picture-in-picture\" allowfullscreen><\/iframe><\/p>\n<p><em>Aus rechtlichen Gr\u00fcnden m\u00f6chte ich darauf hinweisen, dass ich keine \u00c4rztin bin und auf k\u00f6rperlicher Seite keine Diagnosen stellen oder Symptome behandeln darf. Daher bitte ich Dich, Deine Symptome zun\u00e4chst \u00e4rztlich abkl\u00e4ren zu lassen.<\/em><\/p>\n","protected":false},"excerpt":{"rendered":"<p>Wenn k\u00f6rperliche Symptome sich medizinisch nicht erkl\u00e4ren lassen, dann sind sie meistens psychosomatisch bedingt, und es steckt eine seelische Belastung dahinter. Der [&hellip;]<\/p>\n","protected":false},"author":1,"featured_media":0,"parent":0,"menu_order":15,"comment_status":"closed","ping_status":"closed","template":"","meta":{"footnotes":""},"class_list":["post-759","page","type-page","status-publish","hentry"],"jetpack_sharing_enabled":true,"_links":{"self":[{"href":"https:\/\/www.seelenklopfen.de\/index.php\/wp-json\/wp\/v2\/pages\/759","targetHints":{"allow":["GET"]}}],"collection":[{"href":"https:\/\/www.seelenklopfen.de\/index.php\/wp-json\/wp\/v2\/pages"}],"about":[{"href":"https:\/\/www.seelenklopfen.de\/index.php\/wp-json\/wp\/v2\/types\/page"}],"author":[{"embeddable":true,"href":"https:\/\/www.seelenklopfen.de\/index.php\/wp-json\/wp\/v2\/users\/1"}],"replies":[{"embeddable":true,"href":"https:\/\/www.seelenklopfen.de\/index.php\/wp-json\/wp\/v2\/comments?post=759"}],"version-history":[{"count":0,"href":"https:\/\/www.seelenklopfen.de\/index.php\/wp-json\/wp\/v2\/pages\/759\/revisions"}],"wp:attachment":[{"href":"https:\/\/www.seelenklopfen.de\/index.php\/wp-json\/wp\/v2\/media?parent=759"}],"curies":[{"name":"wp","href":"https:\/\/api.w.org\/{rel}","templated":true}]}}