
{"id":8,"date":"2015-03-09T10:34:11","date_gmt":"2015-03-09T09:34:11","guid":{"rendered":"http:\/\/demo.athemes.com\/sydney\/?page_id=8"},"modified":"2025-10-07T10:40:39","modified_gmt":"2025-10-07T08:40:39","slug":"start","status":"publish","type":"page","link":"https:\/\/www.seelenklopfen.de\/","title":{"rendered":""},"content":{"rendered":"<div id=\"pl-8\" class=\"panel-layout\">\n<h3 class=\"widget-title\" style=\"text-align: center;\">Seelenklopfen \u2013 Praxis f\u00fcr Lebensfreudetraining<\/h3>\n<p>&nbsp;<\/p>\n<\/div>\n<div id=\"pl-8\" class=\"panel-layout\">\n<h3><img data-recalc-dims=\"1\" loading=\"lazy\" decoding=\"async\" class=\" wp-image-6106 aligncenter\" src=\"https:\/\/i0.wp.com\/www.seelenklopfen.de\/wp-content\/uploads\/2023\/09\/Arme-ausbreiten.jpg?resize=533%2C355&#038;ssl=1\" alt=\"\" width=\"533\" height=\"355\" srcset=\"https:\/\/i0.wp.com\/www.seelenklopfen.de\/wp-content\/uploads\/2023\/09\/Arme-ausbreiten-scaled.jpg?resize=300%2C200&amp;ssl=1 300w, https:\/\/i0.wp.com\/www.seelenklopfen.de\/wp-content\/uploads\/2023\/09\/Arme-ausbreiten-scaled.jpg?resize=1024%2C683&amp;ssl=1 1024w, https:\/\/i0.wp.com\/www.seelenklopfen.de\/wp-content\/uploads\/2023\/09\/Arme-ausbreiten-scaled.jpg?resize=768%2C512&amp;ssl=1 768w, https:\/\/i0.wp.com\/www.seelenklopfen.de\/wp-content\/uploads\/2023\/09\/Arme-ausbreiten-scaled.jpg?resize=1536%2C1024&amp;ssl=1 1536w, https:\/\/i0.wp.com\/www.seelenklopfen.de\/wp-content\/uploads\/2023\/09\/Arme-ausbreiten-scaled.jpg?resize=2048%2C1365&amp;ssl=1 2048w, https:\/\/i0.wp.com\/www.seelenklopfen.de\/wp-content\/uploads\/2023\/09\/Arme-ausbreiten-scaled.jpg?resize=1000%2C667&amp;ssl=1 1000w, https:\/\/i0.wp.com\/www.seelenklopfen.de\/wp-content\/uploads\/2023\/09\/Arme-ausbreiten-scaled.jpg?resize=230%2C153&amp;ssl=1 230w, https:\/\/i0.wp.com\/www.seelenklopfen.de\/wp-content\/uploads\/2023\/09\/Arme-ausbreiten-scaled.jpg?resize=350%2C233&amp;ssl=1 350w, https:\/\/i0.wp.com\/www.seelenklopfen.de\/wp-content\/uploads\/2023\/09\/Arme-ausbreiten-scaled.jpg?resize=480%2C320&amp;ssl=1 480w, https:\/\/i0.wp.com\/www.seelenklopfen.de\/wp-content\/uploads\/2023\/09\/Arme-ausbreiten-scaled.jpg?resize=1320%2C880&amp;ssl=1 1320w, https:\/\/i0.wp.com\/www.seelenklopfen.de\/wp-content\/uploads\/2023\/09\/Arme-ausbreiten-scaled.jpg?resize=800%2C533&amp;ssl=1 800w, https:\/\/i0.wp.com\/www.seelenklopfen.de\/wp-content\/uploads\/2023\/09\/Arme-ausbreiten-scaled.jpg?resize=272%2C182&amp;ssl=1 272w, https:\/\/i0.wp.com\/www.seelenklopfen.de\/wp-content\/uploads\/2023\/09\/Arme-ausbreiten-scaled.jpg?w=2340&amp;ssl=1 2340w\" sizes=\"auto, (max-width: 533px) 100vw, 533px\" \/><\/h3>\n<h4 style=\"text-align: center;\"><span style=\"color: #008000;\">Die erfrischend andere Psychotherapie! <\/span><\/h4>\n<p style=\"text-align: center;\"><em><span style=\"color: #dd3333;\"><strong>\u201eUnd pl\u00f6tzlich wei\u00dft du:<\/strong><\/span><\/em><br \/>\n<em><span style=\"color: #dd3333;\"><strong>Es ist Zeit, etwas Neues anzufangen<\/strong><\/span><\/em><br \/>\n<em><span style=\"color: #dd3333;\"><strong>und dem Zauber des Anfangs<br \/>\nzu vertrauen.\u201c<\/strong><\/span><\/em><br \/>\n<em><span style=\"color: #dd3333;\"><strong>(Meister Eckhart)<\/strong><\/span><\/em><\/p>\n<p>&nbsp;<\/p>\n<p><strong><span style=\"color: #dd3333;\">Bist Du schon lange ungl\u00fccklich oder depressiv?<\/span><\/strong><\/p>\n<p>Das war ich auch mal. Und ich habe es geschafft! Heute freue ich mich jeden Morgen auf einen neuen, wundervollen Tag und genie\u00dfe eine nie gekannte Lebensqualit\u00e4t!<\/p>\n<p>M\u00f6chtest Du das auch erleben? Bist Du bereit, mit meiner Hilfe so intensiv an Dir zu arbeiten, dass Du jeden Tag mit Gelassenheit und Freude durchs Leben gehen kannst, egal ob es regnet oder die Sonne scheint?<\/p>\n<\/div>\n<div class=\"panel-row-style panel-row-style-for-8-1\" style=\"padding: 100px 0;\" data-overlay=\"true\" data-overlay-color=\"#000000\">\n<div class=\"panel-grid-cell\" data-weight=\"1\">\n<p><span lang=\"hi-IN\"><a href=\"https:\/\/i0.wp.com\/www.seelenklopfen.de\/wp-content\/uploads\/2020\/04\/Freude-im-Sonnenuntergang-zu-zweit-1200x800.jpeg?ssl=1\"><img data-recalc-dims=\"1\" loading=\"lazy\" decoding=\"async\" class=\" wp-image-4321 alignleft\" src=\"https:\/\/i0.wp.com\/www.seelenklopfen.de\/wp-content\/uploads\/2020\/04\/Freude-im-Sonnenuntergang-zu-zweit-1200x800.jpeg?resize=335%2C223&#038;ssl=1\" alt=\"Coaching mit Sabine K\u00f6nig bedeutet echte Ver\u00e4nderung\" width=\"335\" height=\"223\" srcset=\"https:\/\/i0.wp.com\/www.seelenklopfen.de\/wp-content\/uploads\/2020\/04\/Freude-im-Sonnenuntergang-zu-zweit-1200x800.jpeg?resize=300%2C200&amp;ssl=1 300w, https:\/\/i0.wp.com\/www.seelenklopfen.de\/wp-content\/uploads\/2020\/04\/Freude-im-Sonnenuntergang-zu-zweit-1200x800.jpeg?resize=768%2C512&amp;ssl=1 768w, https:\/\/i0.wp.com\/www.seelenklopfen.de\/wp-content\/uploads\/2020\/04\/Freude-im-Sonnenuntergang-zu-zweit-1200x800.jpeg?resize=1024%2C683&amp;ssl=1 1024w, https:\/\/i0.wp.com\/www.seelenklopfen.de\/wp-content\/uploads\/2020\/04\/Freude-im-Sonnenuntergang-zu-zweit-1200x800.jpeg?resize=830%2C553&amp;ssl=1 830w, https:\/\/i0.wp.com\/www.seelenklopfen.de\/wp-content\/uploads\/2020\/04\/Freude-im-Sonnenuntergang-zu-zweit-1200x800.jpeg?resize=230%2C153&amp;ssl=1 230w, https:\/\/i0.wp.com\/www.seelenklopfen.de\/wp-content\/uploads\/2020\/04\/Freude-im-Sonnenuntergang-zu-zweit-1200x800.jpeg?resize=350%2C233&amp;ssl=1 350w, https:\/\/i0.wp.com\/www.seelenklopfen.de\/wp-content\/uploads\/2020\/04\/Freude-im-Sonnenuntergang-zu-zweit-1200x800.jpeg?resize=480%2C320&amp;ssl=1 480w, https:\/\/i0.wp.com\/www.seelenklopfen.de\/wp-content\/uploads\/2020\/04\/Freude-im-Sonnenuntergang-zu-zweit-1200x800.jpeg?resize=272%2C182&amp;ssl=1 272w, https:\/\/i0.wp.com\/www.seelenklopfen.de\/wp-content\/uploads\/2020\/04\/Freude-im-Sonnenuntergang-zu-zweit-1200x800.jpeg?resize=1200%2C800&amp;ssl=1 1200w\" sizes=\"auto, (max-width: 335px) 100vw, 335px\" \/><\/a><\/span>Achtung, mein Coaching bedeutet echte Ver\u00e4nderung!<\/p>\n<p>Willst Du das wirklich?<br \/>\nDu k\u00f6nntest auf dieser Reise entdecken, dass Du in Wirklichkeit ein wahres Leuchtfeuer in Dir hast, und dass das Leben auf dieser Erde ein gigantisches Abenteuer voller Chancen und M\u00f6glichkeiten ist!<\/p>\n<p>Willst Du es immer noch?<br \/>\nDann verlasse genau jetzt Deinen Zweifel- und Z\u00f6germodus!<\/p>\n<p>&nbsp;<\/p>\n<div class=\"panel-widget-style panel-widget-style-for-8-1-0-1\" style=\"text-align: left;\" data-title-color=\"#000000\" data-headings-color=\"#443f3f\">\n<h3 class=\"widget-title\"><span style=\"color: #dd3333;\">Erkenne die Botschaft Deiner Seele!<\/span><\/h3>\n<div class=\"textwidget\">\n<p><strong>Depressionen, Burnout, \u00c4ngste oder Panikattacken haben immer einen guten Grund.<\/strong><\/p>\n<p>Jedes Symptom ist ein liebevoller \u201eAnstupser\u201c unserer Seele, die sich Ver\u00e4nderung und Weiterentwicklung w\u00fcnscht. Solange wir diese Botschaft nicht sehen und nichts an unserem Leben ver\u00e4ndern wollen, werden wir in diesem Zustand stecken bleiben. Egal wieviele Tabletten wir nehmen.<\/p>\n<p>Vielleicht w\u00fcnscht sich Deine Seele einfach nur, dass Du mit Dir selbst liebevoller umgehst und Dich so annimmst, wie Du bist. \u201eDas kann ich nicht!\u201c, denkst Du jetzt vielleicht. \u201eWie soll ich mich selbst lieben und annehmen? Ich habe doch so viele Fehler und Schw\u00e4chen!\u201c<\/p>\n<p><strong>Ich kann Dich beruhigen, Du bist vollkommen in Ordnung, so wie Du bist.<\/strong> Egal welche Schwierigkeiten Du im Leben hast, egal welche \u201eEtiketten\u201c (z.B. Diagnosen) Dir bereits aufgeklebt wurden: Dein pers\u00f6nlicher Wert als Mensch bleibt davon v\u00f6llig unber\u00fchrt!<\/p>\n<p><a href=\"https:\/\/i0.wp.com\/www.seelenklopfen.de\/wp-content\/uploads\/2019\/02\/Sonne.jpeg?ssl=1\"><img data-recalc-dims=\"1\" loading=\"lazy\" decoding=\"async\" class=\"size-medium wp-image-3439 alignleft\" src=\"https:\/\/i0.wp.com\/www.seelenklopfen.de\/wp-content\/uploads\/2019\/02\/Sonne.jpeg?resize=300%2C169&#038;ssl=1\" sizes=\"auto, (max-width: 300px) 100vw, 300px\" srcset=\"https:\/\/www.seelenklopfen.de\/wp-content\/uploads\/2019\/02\/Sonne-300x169.jpeg 300w, https:\/\/www.seelenklopfen.de\/wp-content\/uploads\/2019\/02\/Sonne-768x432.jpeg 768w, https:\/\/www.seelenklopfen.de\/wp-content\/uploads\/2019\/02\/Sonne-1024x576.jpeg 1024w, https:\/\/www.seelenklopfen.de\/wp-content\/uploads\/2019\/02\/Sonne-830x467.jpeg 830w, https:\/\/www.seelenklopfen.de\/wp-content\/uploads\/2019\/02\/Sonne-230x129.jpeg 230w, https:\/\/www.seelenklopfen.de\/wp-content\/uploads\/2019\/02\/Sonne-350x197.jpeg 350w, https:\/\/www.seelenklopfen.de\/wp-content\/uploads\/2019\/02\/Sonne-480x270.jpeg 480w, https:\/\/www.seelenklopfen.de\/wp-content\/uploads\/2019\/02\/Sonne.jpeg 1280w\" alt=\"Entdecke das Leuchten in Deinem Inneren!\" width=\"300\" height=\"169\" \/><\/a><strong>In Wirklichkeit bist Du eine genauso wundervolle, leuchtende Seele wie alle anderen auch.<\/strong><\/p>\n<p>Auf unserer Abenteuerreise durch dieses menschliche Leben ist jetzt f\u00fcr viele von uns der Zeitpunkt f\u00fcr Ver\u00e4nderung und Heilung gekommen. Wir lernen wieder, bewusster und liebevoller mit uns selbst, anderen Menschen und unserem Heimatplaneten umzugehen, und unsere wahre Gr\u00f6\u00dfe wiederzuentdecken.<\/p>\n<p><strong>Auf der h\u00f6chsten Ebene der Seele ist jeder von uns mit einem Plan in dieses Leben gekommen. Wir sind nicht durch Zufall hier!<\/strong><\/p>\n<p>Es gibt bestimmte Dinge, die wir als Seele hier erfahren wollen, um zu lernen, zu wachsen und einen Beitrag f\u00fcr andere zu leisten. Man k\u00f6nnte sagen, wir alle sind mit einer ganz besonderen Seelenmission hier unterwegs. Daf\u00fcr sind wir mit einzigartigen F\u00e4higkeiten und den optimalen Voraussetzungen ausgestattet worden, um diesen Plan optimal erf\u00fcllen zu k\u00f6nnen. Manchmal sehen diese Voraussetzungen allerdings anders aus, als wir das oberfl\u00e4chlich erwarten w\u00fcrden!<\/p>\n<p>&nbsp;<\/p>\n<p><strong><a href=\"https:\/\/i0.wp.com\/www.seelenklopfen.de\/wp-content\/uploads\/2018\/04\/Auf-dem-Sofa-verkriechen-1200x857-1.jpeg?ssl=1\"><img data-recalc-dims=\"1\" loading=\"lazy\" decoding=\"async\" class=\"wp-image-1836 size-medium alignleft\" src=\"https:\/\/i0.wp.com\/www.seelenklopfen.de\/wp-content\/uploads\/2018\/04\/Auf-dem-Sofa-verkriechen-1200x857-1.jpeg?resize=300%2C214&#038;ssl=1\" sizes=\"auto, (max-width: 300px) 100vw, 300px\" srcset=\"https:\/\/www.seelenklopfen.de\/wp-content\/uploads\/2018\/04\/Auf-dem-Sofa-verkriechen-1200x857-1-300x214.jpeg 300w, https:\/\/www.seelenklopfen.de\/wp-content\/uploads\/2018\/04\/Auf-dem-Sofa-verkriechen-1200x857-1-768x548.jpeg 768w, https:\/\/www.seelenklopfen.de\/wp-content\/uploads\/2018\/04\/Auf-dem-Sofa-verkriechen-1200x857-1-1024x731.jpeg 1024w, https:\/\/www.seelenklopfen.de\/wp-content\/uploads\/2018\/04\/Auf-dem-Sofa-verkriechen-1200x857-1-830x593.jpeg 830w, https:\/\/www.seelenklopfen.de\/wp-content\/uploads\/2018\/04\/Auf-dem-Sofa-verkriechen-1200x857-1-230x164.jpeg 230w, https:\/\/www.seelenklopfen.de\/wp-content\/uploads\/2018\/04\/Auf-dem-Sofa-verkriechen-1200x857-1-350x250.jpeg 350w, https:\/\/www.seelenklopfen.de\/wp-content\/uploads\/2018\/04\/Auf-dem-Sofa-verkriechen-1200x857-1-480x343.jpeg 480w, https:\/\/www.seelenklopfen.de\/wp-content\/uploads\/2018\/04\/Auf-dem-Sofa-verkriechen-1200x857-1.jpeg 1200w\" alt=\"Depression\" width=\"300\" height=\"214\" \/><\/a>Wenn wir zu stark vom urspr\u00fcnglichen Plan abweichen, dann schickt unsere Seele uns Symptome, z.B. in Form einer Depression.<\/strong><\/p>\n<p>Das passiert nicht aus Zufall oder wegen schlechter Gene! Der gute Sinn dahinter ist, dass wir aus unserem bisher unbewussten, nach au\u00dfen gerichteten Leben \u201eaufwachen\u201c und bemerken, was wirklich mit uns los ist! Beispielsweise, dass wir uns im Leben zu stark an die Bed\u00fcrfnisse anderer Menschen anpassen, anstatt auf unser Herz zu h\u00f6ren.<\/p>\n<p><strong>Es ist f\u00fcr uns alle an der Zeit, innezuhalten und uns wieder auf uns selbst auszurichten.<\/strong> Alte Muster zu transformieren, uns selbst lieben zu lernen und zu heilen. Dadurch kommen wir wieder in Kontakt mit unserer Seele und dem urspr\u00fcnglichen Grund, warum wir hierhergekommen sind. In der Erf\u00fcllung dieses unbewussten Plans liegt der Sinn, die tiefe Erf\u00fcllung und das Gl\u00fcck, das wir uns alle w\u00fcnschen! Dadurch fangen wir von ganz allein wieder an, von innen heraus zu leuchten und zu strahlen!<\/p>\n<p><strong>Manchmal braucht man daf\u00fcr eine liebevolle Begleitung, weil man selbst den Wald vor B\u00e4umen nicht sieht.<\/strong><\/p>\n<p>Ich wei\u00df, wovon ich rede, denn ich selbst habe diesen ganzheitlich-spirituellen Heilungsweg aus \u00c4ngsten und Depressionen bereits hinter mir und bin inzwischen ein sehr gl\u00fccklicher Mensch geworden! \ud83d\ude42<\/p>\n<p>&nbsp;<\/p>\n<p><a href=\"index.php\/coaching\" target=\"_blank\" rel=\"noopener noreferrer\"><img data-recalc-dims=\"1\" loading=\"lazy\" decoding=\"async\" class=\"alignleft wp-image-3708 size-medium\" src=\"https:\/\/i0.wp.com\/www.seelenklopfen.de\/wp-content\/uploads\/2019\/08\/FB-Bild-mit-Frau-Arme-hoch-1200x628.png?resize=300%2C157&#038;ssl=1\" sizes=\"auto, (max-width: 300px) 100vw, 300px\" srcset=\"https:\/\/www.seelenklopfen.de\/wp-content\/uploads\/2019\/08\/FB-Bild-mit-Frau-Arme-hoch-1200x628-300x157.png 300w, https:\/\/www.seelenklopfen.de\/wp-content\/uploads\/2019\/08\/FB-Bild-mit-Frau-Arme-hoch-1200x628-768x402.png 768w, https:\/\/www.seelenklopfen.de\/wp-content\/uploads\/2019\/08\/FB-Bild-mit-Frau-Arme-hoch-1200x628-1024x536.png 1024w, https:\/\/www.seelenklopfen.de\/wp-content\/uploads\/2019\/08\/FB-Bild-mit-Frau-Arme-hoch-1200x628-830x434.png 830w, https:\/\/www.seelenklopfen.de\/wp-content\/uploads\/2019\/08\/FB-Bild-mit-Frau-Arme-hoch-1200x628-230x120.png 230w, https:\/\/www.seelenklopfen.de\/wp-content\/uploads\/2019\/08\/FB-Bild-mit-Frau-Arme-hoch-1200x628-350x183.png 350w, https:\/\/www.seelenklopfen.de\/wp-content\/uploads\/2019\/08\/FB-Bild-mit-Frau-Arme-hoch-1200x628-480x251.png 480w, https:\/\/www.seelenklopfen.de\/wp-content\/uploads\/2019\/08\/FB-Bild-mit-Frau-Arme-hoch-1200x628.png 1200w\" alt=\"Premium Coaching Depressionen \u00fcberwinden\" width=\"300\" height=\"157\" \/><\/a>Wenn Du Deine Depression auch auf nat\u00fcrliche, ganzheitliche Weise \u00fcberwinden willst, dann ist mein Selbstliebe- und Lebensfreude-Coaching genau das Richtige f\u00fcr Dich. Darin gebe ich meinen gesammelten Erfahrungsschatz an Dich weiter und zeige Dir, wie auch Du Dir endlich ein gl\u00fcckliches und erf\u00fclltes Leben erschaffen kannst.<br \/>\n<a href=\"https:\/\/www.seelenklopfen.de\/index.php\/coaching\" target=\"_blank\" rel=\"noopener noreferrer\">Alle Infos gibt es hier.<\/a><\/p>\n<p>&nbsp;<\/p>\n<p>&nbsp;<\/p>\n<p>&nbsp;<\/p>\n<p><a href=\"http:\/\/www.youtube.com\/channel\/UCVdTIq6CYKjoEX_1HLVl8aw\" target=\"_blank\" rel=\"noopener noreferrer\"><img data-recalc-dims=\"1\" loading=\"lazy\" decoding=\"async\" class=\"alignleft wp-image-3881\" src=\"https:\/\/i0.wp.com\/www.seelenklopfen.de\/wp-content\/uploads\/2019\/09\/Youtube-Logo.png?resize=138%2C77&#038;ssl=1\" sizes=\"auto, (max-width: 138px) 100vw, 138px\" srcset=\"https:\/\/www.seelenklopfen.de\/wp-content\/uploads\/2019\/09\/Youtube-Logo.png 300w, https:\/\/www.seelenklopfen.de\/wp-content\/uploads\/2019\/09\/Youtube-Logo-230x129.png 230w\" alt=\"Youtube-Kanal &quot;Seelenklopfen&quot;\" width=\"138\" height=\"77\" \/><\/a><br \/>\nWenn Du Dich noch weiter von meiner alternativen Sichtweise auf die Depression inspirieren lassen m\u00f6chtest, dann schau Dir gerne meinen <a href=\"https:\/\/www.youtube.com\/channel\/UCVdTIq6CYKjoEX_1HLVl8aw?view_as=subscriber\">Youtube-Kanal<\/a> an.<\/p>\n<p>&nbsp;<\/p>\n<p><a href=\"http:\/\/www.facebook.com\/groups\/selbstliebetraining\" target=\"_blank\" rel=\"noopener noreferrer\"><img data-recalc-dims=\"1\" loading=\"lazy\" decoding=\"async\" class=\"alignleft wp-image-3882\" src=\"https:\/\/i0.wp.com\/www.seelenklopfen.de\/wp-content\/uploads\/2019\/09\/Facebook-Logo.jpg?resize=119%2C67&#038;ssl=1\" sizes=\"auto, (max-width: 119px) 100vw, 119px\" srcset=\"https:\/\/www.seelenklopfen.de\/wp-content\/uploads\/2019\/09\/Facebook-Logo-300x169.jpg 300w, https:\/\/www.seelenklopfen.de\/wp-content\/uploads\/2019\/09\/Facebook-Logo-768x432.jpg 768w, https:\/\/www.seelenklopfen.de\/wp-content\/uploads\/2019\/09\/Facebook-Logo.jpg 1024w, https:\/\/www.seelenklopfen.de\/wp-content\/uploads\/2019\/09\/Facebook-Logo-830x467.jpg 830w, https:\/\/www.seelenklopfen.de\/wp-content\/uploads\/2019\/09\/Facebook-Logo-230x129.jpg 230w, https:\/\/www.seelenklopfen.de\/wp-content\/uploads\/2019\/09\/Facebook-Logo-350x197.jpg 350w, https:\/\/www.seelenklopfen.de\/wp-content\/uploads\/2019\/09\/Facebook-Logo-480x270.jpg 480w\" alt=\"Facebook-Gruppe\" width=\"119\" height=\"67\" \/><\/a>Ich lade Dich auch ganz herzlich ein, in meine kostenlose <a href=\"http:\/\/www.facebook.com\/groups\/selbstliebetraining\" target=\"_blank\" rel=\"noopener noreferrer\">Facebook-Gruppe<\/a> zu kommen.<br \/>\nHier \u00fcben wir zusammen, uns wieder selbst lieben zu lernen, so wie wir sind. Du kannst Dich auf positive Weise mit Gleichgesinnten austauschen und bekommst von mir immer wieder neue Impulse und Anregungen, die der Seele gut tun und Dir auf Deinem Heilungsweg weiterhelfen k\u00f6nnen.<\/p>\n<p>&nbsp;<\/p>\n<p>Ich freue mich auf Dich! \ud83d\ude42<br \/>\nDeine <strong>Sabine K\u00f6nig<\/strong><br \/>\n(Heilpraktikerin f\u00fcr Psychotherapie)<\/p>\n<p>&nbsp;<\/p>\n<\/div>\n<\/div>\n<\/div>\n<\/div>\n","protected":false},"excerpt":{"rendered":"<p>Seelenklopfen \u2013 Praxis f\u00fcr Lebensfreudetraining &nbsp; Die erfrischend andere Psychotherapie! \u201eUnd pl\u00f6tzlich wei\u00dft du: Es ist Zeit, etwas Neues anzufangen und dem [&hellip;]<\/p>\n","protected":false},"author":1,"featured_media":0,"parent":0,"menu_order":26,"comment_status":"closed","ping_status":"closed","template":"","meta":{"footnotes":""},"class_list":["post-8","page","type-page","status-publish","hentry"],"jetpack_sharing_enabled":true,"_links":{"self":[{"href":"https:\/\/www.seelenklopfen.de\/index.php\/wp-json\/wp\/v2\/pages\/8","targetHints":{"allow":["GET"]}}],"collection":[{"href":"https:\/\/www.seelenklopfen.de\/index.php\/wp-json\/wp\/v2\/pages"}],"about":[{"href":"https:\/\/www.seelenklopfen.de\/index.php\/wp-json\/wp\/v2\/types\/page"}],"author":[{"embeddable":true,"href":"https:\/\/www.seelenklopfen.de\/index.php\/wp-json\/wp\/v2\/users\/1"}],"replies":[{"embeddable":true,"href":"https:\/\/www.seelenklopfen.de\/index.php\/wp-json\/wp\/v2\/comments?post=8"}],"version-history":[{"count":40,"href":"https:\/\/www.seelenklopfen.de\/index.php\/wp-json\/wp\/v2\/pages\/8\/revisions"}],"predecessor-version":[{"id":6763,"href":"https:\/\/www.seelenklopfen.de\/index.php\/wp-json\/wp\/v2\/pages\/8\/revisions\/6763"}],"wp:attachment":[{"href":"https:\/\/www.seelenklopfen.de\/index.php\/wp-json\/wp\/v2\/media?parent=8"}],"curies":[{"name":"wp","href":"https:\/\/api.w.org\/{rel}","templated":true}]}}