
{"id":898,"date":"2018-02-13T16:39:41","date_gmt":"2018-02-13T15:39:41","guid":{"rendered":"http:\/\/www.seelenklopfen.de\/Test\/?page_id=898"},"modified":"2024-04-29T21:59:02","modified_gmt":"2024-04-29T19:59:02","slug":"persoenliches","status":"publish","type":"page","link":"https:\/\/www.seelenklopfen.de\/index.php\/persoenliches\/","title":{"rendered":"Pers\u00f6nliches"},"content":{"rendered":"<p><a href=\"https:\/\/i0.wp.com\/www.seelenklopfen.de\/wp-content\/uploads\/2019\/02\/Sabine-im-Wind-1200x800.jpg?ssl=1\"><img data-recalc-dims=\"1\" loading=\"lazy\" decoding=\"async\" class=\"wp-image-6300 size-medium alignleft\" src=\"https:\/\/i0.wp.com\/www.seelenklopfen.de\/wp-content\/uploads\/2024\/04\/SabineMM1b.jpg?resize=225%2C300&#038;ssl=1\" alt=\"\" width=\"225\" height=\"300\" srcset=\"https:\/\/i0.wp.com\/www.seelenklopfen.de\/wp-content\/uploads\/2024\/04\/SabineMM1b.jpg?resize=225%2C300&amp;ssl=1 225w, https:\/\/i0.wp.com\/www.seelenklopfen.de\/wp-content\/uploads\/2024\/04\/SabineMM1b.jpg?resize=768%2C1024&amp;ssl=1 768w, https:\/\/i0.wp.com\/www.seelenklopfen.de\/wp-content\/uploads\/2024\/04\/SabineMM1b.jpg?resize=230%2C307&amp;ssl=1 230w, https:\/\/i0.wp.com\/www.seelenklopfen.de\/wp-content\/uploads\/2024\/04\/SabineMM1b.jpg?resize=350%2C467&amp;ssl=1 350w, https:\/\/i0.wp.com\/www.seelenklopfen.de\/wp-content\/uploads\/2024\/04\/SabineMM1b.jpg?resize=480%2C640&amp;ssl=1 480w, https:\/\/i0.wp.com\/www.seelenklopfen.de\/wp-content\/uploads\/2024\/04\/SabineMM1b.jpg?resize=800%2C1066&amp;ssl=1 800w, https:\/\/i0.wp.com\/www.seelenklopfen.de\/wp-content\/uploads\/2024\/04\/SabineMM1b.jpg?w=904&amp;ssl=1 904w\" sizes=\"auto, (max-width: 225px) 100vw, 225px\" \/><\/a>Mein Name ist <strong>Sabine K\u00f6nig,<\/strong> Jahrgang 1976. Heilpraktikerin f\u00fcr Psychotherapie und EFT-Therapeutin in eigener Praxis. Geigerin und Chorleiterin, und gl\u00fcckliche Mutter von zwei wunderbaren S\u00f6hnen.<br \/>Nach meinem Musikstudium und der Geburt meiner Kinder brachte mich eine gro\u00dfe Lebenskrise mit <a href=\"http:\/\/www.seelenklopfen.de\/index.php\/depressionen\/\">Depressionen<\/a>, <a href=\"http:\/\/www.seelenklopfen.de\/index.php\/aengste-panikattacken\/\">\u00c4ngsten und Panikattacken<\/a> in die Notwendigkeit, mich auf die Suche nach Wegen ganzheitlicher Heilung zu begeben.<\/p>\r\n<p>Durch &#8222;Zufall&#8220; entdeckte ich 2011 die <a href=\"http:\/\/www.seelenklopfen.de\/index.php\/eft-klopfakupressur\/\">Klopfakupressur EFT<\/a>. Nachdem ich damit meinen Heuschnupfen und meine Flugangst selbst geheilt hatte, war ich so fasziniert von dieser einfachen, aber wirkungsvollen Methode, dass ich die <a href=\"https:\/\/official-eft.de\/\"> Ausbildung zur EFT-Praktikerin bei Gabriele und Robert Rother <\/a> absolviert habe. Mit Hilfe von EFT und vielen wunderbaren Menschen, die mir auf meinem Weg begegnet sind, habe ich mich Schritt f\u00fcr Schritt aus der Depression und den Angstst\u00f6rungen befreit. Nie h\u00e4tte ich mir vor meiner Krise vorstellen k\u00f6nnen, dass so viel Kraft und Lebensfreude \u00fcberhaupt m\u00f6glich sind!\u00a0<a href=\"https:\/\/official-eft.de\/\"><img data-recalc-dims=\"1\" loading=\"lazy\" decoding=\"async\" class=\"alignright wp-image-1961\" src=\"https:\/\/i0.wp.com\/www.seelenklopfen.de\/wp-content\/uploads\/2018\/04\/ateb-siegel-gold-klein-300x300.jpg?resize=150%2C150\" alt=\"G\u00fctesiegel der ATEB EFT-Akademie\" width=\"150\" height=\"150\" srcset=\"https:\/\/i0.wp.com\/www.seelenklopfen.de\/wp-content\/uploads\/2018\/04\/ateb-siegel-gold-klein.jpg?resize=300%2C300&amp;ssl=1 300w, https:\/\/i0.wp.com\/www.seelenklopfen.de\/wp-content\/uploads\/2018\/04\/ateb-siegel-gold-klein.jpg?resize=150%2C150&amp;ssl=1 150w, https:\/\/i0.wp.com\/www.seelenklopfen.de\/wp-content\/uploads\/2018\/04\/ateb-siegel-gold-klein.jpg?w=400&amp;ssl=1 400w, https:\/\/i0.wp.com\/www.seelenklopfen.de\/wp-content\/uploads\/2018\/04\/ateb-siegel-gold-klein.jpg?resize=230%2C230&amp;ssl=1 230w, https:\/\/i0.wp.com\/www.seelenklopfen.de\/wp-content\/uploads\/2018\/04\/ateb-siegel-gold-klein.jpg?resize=350%2C350&amp;ssl=1 350w\" sizes=\"auto, (max-width: 150px) 100vw, 150px\" \/><\/a><\/p>\r\n<p>Heute begleite ich mit gro\u00dfer Freude in meiner Praxis, meinem <a href=\"https:\/\/www.youtube.com\/channel\/UCVdTIq6CYKjoEX_1HLVl8aw\" target=\"_blank\" rel=\"noopener\">Youtube Kanal<\/a>, meiner <a href=\"https:\/\/www.facebook.com\/groups\/selbstliebetraining\">Facebookgruppe<\/a>, mit meinem <a href=\"https:\/\/onlinekurs.seelenklopfen.de\" target=\"_blank\" rel=\"noopener\">Onlinekurs<\/a> und verschiedenen <a href=\"https:\/\/www.seelenklopfen.de\/index.php\/live-seminare-teilnehmerstimmen\/\" target=\"_blank\" rel=\"noopener\">Live Seminaren<\/a> andere Menschen in die emotionale Freiheit. Mein eigener Erfahrungsschatz erm\u00f6glicht es mir, mit viel Verst\u00e4ndnis, Empathie und der n\u00f6tigen Prise <a href=\"https:\/\/youtu.be\/lbg13IsUq1o\" target=\"_blank\" rel=\"noopener\">Humor<\/a> meinen KlientInnen bestm\u00f6glich als Mutmacherin und Reisef\u00fchrerin auf ihrem Heilungsweg zur Seite zu stehen.<\/p>\r\n<p>Auf meinem <a href=\"https:\/\/www.youtube.com\/channel\/UCVdTIq6CYKjoEX_1HLVl8aw\">Youtube Kanal<\/a> ver\u00f6ffentliche ich regelm\u00e4\u00dfig neue Videos und spreche \u00fcber viele verschiedene Themen rund um <a href=\"https:\/\/www.seelenklopfen.de\/index.php\/depressionen\/\">Depressionen<\/a> und <a href=\"https:\/\/www.seelenklopfen.de\/index.php\/aengste-panikattacken\/\">Angstst\u00f6rungen<\/a>. Darin erz\u00e4hle ich sehr pers\u00f6nlich und detailliert, wie ich meine Depression erlebt habe, und auf welchen Wegen ich es geschafft habe, wieder vollst\u00e4ndig gesund zu werden. <br \/>Es macht mich sehr gl\u00fccklich, dass meine Videos so gut angenommen werden und ich dadurch noch viel mehr Menschen helfen kann, ihre Depressionen zu \u00fcberwinden. <br \/>Wenn es Dich auch interessiert, meine pers\u00f6nlichen Tipps und Tricks zu erfahren, dann abonniere gerne meinen Kanal!<br \/><a href=\"https:\/\/www.youtube.com\/channel\/UCVdTIq6CYKjoEX_1HLVl8aw\" target=\"_blank\" rel=\"noopener\">https:\/\/www.youtube.com\/@seelenklopfen<\/a><\/p>\r\n\r\n<p>&nbsp;<\/p>\r\n","protected":false},"excerpt":{"rendered":"<p>Mein Name ist Sabine K\u00f6nig, Jahrgang 1976. Heilpraktikerin f\u00fcr Psychotherapie und EFT-Therapeutin in eigener Praxis. Geigerin und Chorleiterin, und gl\u00fcckliche Mutter von [&hellip;]<\/p>\n","protected":false},"author":1,"featured_media":0,"parent":0,"menu_order":13,"comment_status":"closed","ping_status":"closed","template":"","meta":{"footnotes":""},"class_list":["post-898","page","type-page","status-publish","hentry"],"jetpack_sharing_enabled":true,"_links":{"self":[{"href":"https:\/\/www.seelenklopfen.de\/index.php\/wp-json\/wp\/v2\/pages\/898","targetHints":{"allow":["GET"]}}],"collection":[{"href":"https:\/\/www.seelenklopfen.de\/index.php\/wp-json\/wp\/v2\/pages"}],"about":[{"href":"https:\/\/www.seelenklopfen.de\/index.php\/wp-json\/wp\/v2\/types\/page"}],"author":[{"embeddable":true,"href":"https:\/\/www.seelenklopfen.de\/index.php\/wp-json\/wp\/v2\/users\/1"}],"replies":[{"embeddable":true,"href":"https:\/\/www.seelenklopfen.de\/index.php\/wp-json\/wp\/v2\/comments?post=898"}],"version-history":[{"count":3,"href":"https:\/\/www.seelenklopfen.de\/index.php\/wp-json\/wp\/v2\/pages\/898\/revisions"}],"predecessor-version":[{"id":6301,"href":"https:\/\/www.seelenklopfen.de\/index.php\/wp-json\/wp\/v2\/pages\/898\/revisions\/6301"}],"wp:attachment":[{"href":"https:\/\/www.seelenklopfen.de\/index.php\/wp-json\/wp\/v2\/media?parent=898"}],"curies":[{"name":"wp","href":"https:\/\/api.w.org\/{rel}","templated":true}]}}