
{"id":901,"date":"2018-02-13T16:40:01","date_gmt":"2018-02-13T15:40:01","guid":{"rendered":"http:\/\/www.seelenklopfen.de\/Test\/?page_id=901"},"modified":"2023-03-15T23:22:17","modified_gmt":"2023-03-15T22:22:17","slug":"meine-philosophie","status":"publish","type":"page","link":"https:\/\/www.seelenklopfen.de\/index.php\/meine-philosophie\/","title":{"rendered":"Philosophie"},"content":{"rendered":"<div id=\"pl-901\" class=\"panel-layout\">\n<div id=\"pg-901-0\" class=\"panel-grid panel-has-style\" data-style=\"{&quot;cell_alignment&quot;:&quot;flex-start&quot;,&quot;align&quot;:&quot;&quot;,&quot;overlay&quot;:&quot;&quot;,&quot;overlay_color&quot;:&quot;#000000&quot;}\">\n<div class=\"panel-row-style panel-row-style-for-901-0\" style=\"padding: 100px 0;\" data-overlay=\"true\" data-overlay-color=\"#000000\">\n<div id=\"pgc-901-0-0\" class=\"panel-grid-cell\" data-weight=\"1\">\n<div id=\"panel-901-0-0-0\" class=\"so-panel widget widget_sow-editor panel-first-child\" data-index=\"0\" data-style=\"{&quot;background_image_attachment&quot;:false,&quot;background_display&quot;:&quot;tile&quot;,&quot;content_alignment&quot;:&quot;left&quot;,&quot;title_color&quot;:&quot;#443f3f&quot;,&quot;headings_color&quot;:&quot;#443f3f&quot;}\">\n<div class=\"panel-widget-style panel-widget-style-for-901-0-0-0\" style=\"text-align: left;\" data-title-color=\"#443f3f\" data-headings-color=\"#443f3f\">\n<div class=\"so-widget-sow-editor so-widget-sow-editor-base\">\n<div class=\"siteorigin-widget-tinymce textwidget\">\n<h5>Hilfe zur Selbsthilfe<\/h5>\n<p><a href=\"https:\/\/i0.wp.com\/www.seelenklopfen.de\/wp-content\/uploads\/2019\/02\/In-die-Sonne-gehen-1200x800.jpg?ssl=1\"><img data-recalc-dims=\"1\" loading=\"lazy\" decoding=\"async\" class=\"wp-image-3406 alignleft\" src=\"https:\/\/i0.wp.com\/www.seelenklopfen.de\/wp-content\/uploads\/2019\/02\/In-die-Sonne-gehen-1200x800.jpg?resize=391%2C260&#038;ssl=1\" alt=\"Selbstheilung\" width=\"391\" height=\"260\" srcset=\"https:\/\/i0.wp.com\/www.seelenklopfen.de\/wp-content\/uploads\/2019\/02\/In-die-Sonne-gehen-1200x800.jpg?resize=300%2C200&amp;ssl=1 300w, https:\/\/i0.wp.com\/www.seelenklopfen.de\/wp-content\/uploads\/2019\/02\/In-die-Sonne-gehen-1200x800.jpg?resize=768%2C512&amp;ssl=1 768w, https:\/\/i0.wp.com\/www.seelenklopfen.de\/wp-content\/uploads\/2019\/02\/In-die-Sonne-gehen-1200x800.jpg?resize=1024%2C683&amp;ssl=1 1024w, https:\/\/i0.wp.com\/www.seelenklopfen.de\/wp-content\/uploads\/2019\/02\/In-die-Sonne-gehen-1200x800.jpg?resize=830%2C553&amp;ssl=1 830w, https:\/\/i0.wp.com\/www.seelenklopfen.de\/wp-content\/uploads\/2019\/02\/In-die-Sonne-gehen-1200x800.jpg?resize=230%2C153&amp;ssl=1 230w, https:\/\/i0.wp.com\/www.seelenklopfen.de\/wp-content\/uploads\/2019\/02\/In-die-Sonne-gehen-1200x800.jpg?resize=350%2C233&amp;ssl=1 350w, https:\/\/i0.wp.com\/www.seelenklopfen.de\/wp-content\/uploads\/2019\/02\/In-die-Sonne-gehen-1200x800.jpg?resize=480%2C320&amp;ssl=1 480w, https:\/\/i0.wp.com\/www.seelenklopfen.de\/wp-content\/uploads\/2019\/02\/In-die-Sonne-gehen-1200x800.jpg?resize=272%2C182&amp;ssl=1 272w, https:\/\/i0.wp.com\/www.seelenklopfen.de\/wp-content\/uploads\/2019\/02\/In-die-Sonne-gehen-1200x800.jpg?resize=1200%2C800&amp;ssl=1 1200w\" sizes=\"auto, (max-width: 391px) 100vw, 391px\" \/><\/a>Gesund zu werden bedeutet vor allem, wieder in die Selbsterm\u00e4chtigung zu kommen und Verantwortung f\u00fcr das eigene Wohlbefinden zu \u00fcbernehmen. Nur Du allein kannst daf\u00fcr Sorge tragen, dass es Dir gut geht! <strong>Wie jeder Mensch tr\u00e4gst Du alle Antworten und L\u00f6sungen bereits in Dir.<\/strong> Manchmal sieht man jedoch im Gewirr der emotionalen Probleme den Wald vor B\u00e4umen nicht mehr. Dann braucht man jemanden mit einem neutralen Blick von au\u00dfen, damit \u00fcberhaupt die richtigen Fragen gestellt werden. Ebenso wie Heilung immer Selbstheilung bedeutet, verstehe ich therapeutische Unterst\u00fctzung als Hilfe zur Selbsthilfe. Ich unterst\u00fctze Dich so lange wie es n\u00f6tig ist, bis Du Dich in der Lage f\u00fchlst, Deinen Weg allein weiterzugehen. Mit <a href=\"http:\/\/www.seelenklopfen.de\/index.php\/eft-klopfakupressur\/\">EFT<\/a> gebe ich Dir ein wertvolles Werkzeug mit an die Hand, mit dem Du Dir im Alltag selbst helfen kannst. Nur an den gro\u00dfen Lebensthemen solltest Du besser nicht alleine arbeiten, da ist eine unterst\u00fctzende Begleitung wichtig und notwendig.<\/p>\n<h5><\/h5>\n<h5>Jede Krise enth\u00e4lt ein Geschenk<\/h5>\n<p>In meiner <a href=\"http:\/\/www.seelenklopfen.de\/index.php\/beratung-therapie\/\">Beratung und Therapie<\/a> geht es nicht um das Ziel, Symptome loszuwerden, damit man sein Leben genauso weiterf\u00fchren kann wie bisher. F\u00fcr eine wirkliche Heilung ist es von gro\u00dfer Bedeutung, <strong>den tieferen Sinn und die Botschaft hinter den Symptomen zu erkennen<\/strong> und ihnen die notwendige Beachtung zu schenken. Erkrankungen sind immer ein Hinweis auf ein Ungleichgewicht und eine Aufforderung unserer Seele, den Blick mehr nach innen zu richten, um eventuell notwendige Kurskorrekturen vorzunehmen.<\/p>\n<p><img data-recalc-dims=\"1\" loading=\"lazy\" decoding=\"async\" class=\"wp-image-910 size-medium alignleft\" src=\"https:\/\/i0.wp.com\/www.seelenklopfen.de\/wp-content\/uploads\/2018\/02\/Einstein-Zitat-300x221.jpg?resize=300%2C221\" alt=\"\" width=\"300\" height=\"221\" srcset=\"https:\/\/i0.wp.com\/www.seelenklopfen.de\/wp-content\/uploads\/2018\/02\/Einstein-Zitat.jpg?resize=300%2C221&amp;ssl=1 300w, https:\/\/i0.wp.com\/www.seelenklopfen.de\/wp-content\/uploads\/2018\/02\/Einstein-Zitat.jpg?resize=230%2C170&amp;ssl=1 230w, https:\/\/i0.wp.com\/www.seelenklopfen.de\/wp-content\/uploads\/2018\/02\/Einstein-Zitat.jpg?resize=350%2C258&amp;ssl=1 350w, https:\/\/i0.wp.com\/www.seelenklopfen.de\/wp-content\/uploads\/2018\/02\/Einstein-Zitat.jpg?resize=480%2C354&amp;ssl=1 480w, https:\/\/i0.wp.com\/www.seelenklopfen.de\/wp-content\/uploads\/2018\/02\/Einstein-Zitat.jpg?w=526&amp;ssl=1 526w\" sizes=\"auto, (max-width: 300px) 100vw, 300px\" \/>Bin ich wirklich gl\u00fccklich mit meiner Arbeit, in meiner Beziehung, an meinem Wohnort? Achte ich genug auf meine eigenen Grenzen und Bed\u00fcrfnisse, oder bin ich nur f\u00fcr andere Menschen da? Lenke ich mich vielleicht mit zu viel Arbeit, Alkohol, Essen, Internet etc. von schmerzhaften Gef\u00fchlen ab, die endlich einmal angeschaut und erl\u00f6st werden wollen?<\/p>\n<p>&nbsp;<\/p>\n<p><strong>Manchmal sind Ver\u00e4nderungen im Leben notwendig<\/strong>, auch wenn sie erstmal mit Angst und Unsicherheit verbunden sind. Dazu geh\u00f6rt vor allem das Loslassen von ungesunden Verhaltensweisen (z.B. andere wichtiger zu nehmen als mich selbst) und negativen emotionalen Reaktionsmustern (z.B. ein schlechtes Gewissen, wenn ich dies nicht tue). Auch eine Trennung oder der Verlust des Arbeitsplatzes kann eine zun\u00e4chst unangenehme Ver\u00e4nderung sein. Doch wie oft konnten wir nach solchen Erlebnissen im Nachhinein erkennen, wieviel Gutes uns diese Ver\u00e4nderung gebracht hat!<\/p>\n<p><em>&#8222;W\u00e4re damals meine Trennung nicht gewesen, w\u00e4re mir niemals dieser wundervolle neue Partner begegnet!&#8220;<br \/>\n<\/em><em>&#8222;H\u00e4tte ich damals nicht meinen Job verloren, h\u00e4tte ich mich niemals erfolgreich selbst\u00e4ndig gemacht!&#8220; etc.<\/em><\/p>\n<p><img data-recalc-dims=\"1\" loading=\"lazy\" decoding=\"async\" class=\"wp-image-931 size-medium alignright\" src=\"https:\/\/i0.wp.com\/www.seelenklopfen.de\/wp-content\/uploads\/2018\/02\/Bl%C3%BCmchen-im-Rampenlicht-1200x800-300x207.jpg?resize=300%2C207\" alt=\"\" width=\"300\" height=\"207\" srcset=\"https:\/\/i0.wp.com\/www.seelenklopfen.de\/wp-content\/uploads\/2018\/02\/Bl%C3%BCmchen-im-Rampenlicht-1200x800.jpg?resize=300%2C207&amp;ssl=1 300w, https:\/\/i0.wp.com\/www.seelenklopfen.de\/wp-content\/uploads\/2018\/02\/Bl%C3%BCmchen-im-Rampenlicht-1200x800.jpg?resize=768%2C531&amp;ssl=1 768w, https:\/\/i0.wp.com\/www.seelenklopfen.de\/wp-content\/uploads\/2018\/02\/Bl%C3%BCmchen-im-Rampenlicht-1200x800.jpg?resize=1024%2C707&amp;ssl=1 1024w, https:\/\/i0.wp.com\/www.seelenklopfen.de\/wp-content\/uploads\/2018\/02\/Bl%C3%BCmchen-im-Rampenlicht-1200x800.jpg?resize=830%2C573&amp;ssl=1 830w, https:\/\/i0.wp.com\/www.seelenklopfen.de\/wp-content\/uploads\/2018\/02\/Bl%C3%BCmchen-im-Rampenlicht-1200x800.jpg?resize=230%2C159&amp;ssl=1 230w, https:\/\/i0.wp.com\/www.seelenklopfen.de\/wp-content\/uploads\/2018\/02\/Bl%C3%BCmchen-im-Rampenlicht-1200x800.jpg?resize=350%2C242&amp;ssl=1 350w, https:\/\/i0.wp.com\/www.seelenklopfen.de\/wp-content\/uploads\/2018\/02\/Bl%C3%BCmchen-im-Rampenlicht-1200x800.jpg?resize=480%2C332&amp;ssl=1 480w, https:\/\/i0.wp.com\/www.seelenklopfen.de\/wp-content\/uploads\/2018\/02\/Bl%C3%BCmchen-im-Rampenlicht-1200x800.jpg?resize=1200%2C800&amp;ssl=1 1200w\" sizes=\"auto, (max-width: 300px) 100vw, 300px\" \/>Krisen sind nicht dazu da, um uns zu \u00e4rgern. Sie sind eine riesen <strong>Chance auf Weiterentwicklung<\/strong> und Erh\u00f6hung der eigenen Bewusstheit und Lebensqualit\u00e4t.\u00a0Ich bin meiner vergangenen Lebenskrise heute sehr dankbar, weil ich so viel mehr Gelassenheit und Lebensfreude habe als vorher! Und das w\u00fcnsche ich Dir auch!<br \/>\nHerauszufinden, wer man wirklich ist, und das eigene Innere zum Leuchten zu bringen, ich glaube daf\u00fcr sind wir auf dieser Welt.<\/p>\n<p>&nbsp;<\/p>\n<p><strong>Der Weg zur Heilung f\u00fchrt also immer erstmal zu Dir selbst.<\/strong> Diesen gro\u00dfen und wichtigen Schritt l\u00e4sst die Schulmedizin meistens leider aus. Pillen einzuwerfen, um das eigene Unbehagen nicht mehr zu sp\u00fcren, f\u00fchrt nicht zur Heilung auf tiefster Ebene. Das ist so, als w\u00fcrde man im Auto die Warnleuchte einschlagen und sich freuen, dass der Tank wieder voll ist. Antidepressiva gaukeln Dir vor, alles w\u00e4re in Ordnung, und halten Dich in der Krise gefangen, anstatt Dich wieder hinauszuf\u00fchren. Sie sollten nur in schweren F\u00e4llen eingesetzt werden, wenn Du f\u00fcr Deinen Alltag und f\u00fcr therapeutische Ma\u00dfnahmen bereits zu ersch\u00f6pft bist, oder wenn Suizidgedanken bestehen. Dann sind diese Medikamente ein wahrer Segen! Sie k\u00f6nnen Dich soweit stabilisieren, dass Du wieder therapief\u00e4hig wirst und die Kraft hast, an Dir und Deiner Heilung zu arbeiten. Psychopharmaka sind Fluch und Segen zugleich. Sie sollten mit Bedacht eingesetzt und weder leichtfertig als schnelle L\u00f6sung veschrieben, noch prinzipiell abgelehnt werden.<\/p>\n<p>Lange Zeit haben wir alle gelernt, zum Arzt oder Therapeuten zu gehen mit der passiven Einstellung &#8222;Herr Doktor, machen Sie mich mal gesund!&#8220; Ich glaube, in diesen Zeiten sind wir alle aufgefordert, die Verantwortung f\u00fcr unsere Gesundheit wieder selbst zu \u00fcbernehmen. Denn niemand auf der Welt wei\u00df besser, was gut f\u00fcr uns ist, als wir selbst! Und wir d\u00fcrfen nun wieder lernen, Zugang zu diesem inneren Wissen zu bekommen. Vertraue Deiner Intuition! Sie wird Dich sicher durch den Ver\u00e4nderungs- und Heilungsprozess f\u00fchren. Ich werde Dich gerne dabei begleiten.<\/p>\n<\/div>\n<\/div>\n<\/div>\n<\/div>\n<div id=\"panel-901-0-0-1\" class=\"so-panel widget widget_sow-button\" data-index=\"1\" data-style=\"{&quot;padding&quot;:&quot;0px 0px 0px 0px&quot;,&quot;background_image_attachment&quot;:false,&quot;background_display&quot;:&quot;tile&quot;,&quot;content_alignment&quot;:&quot;left&quot;,&quot;title_color&quot;:&quot;#443f3f&quot;,&quot;headings_color&quot;:&quot;#443f3f&quot;}\">\n<div class=\"panel-widget-style panel-widget-style-for-901-0-0-1\" style=\"text-align: left;\" data-title-color=\"#443f3f\" data-headings-color=\"#443f3f\"><div\n\t\t\t\n\t\t\tclass=\"so-widget-sow-button so-widget-sow-button-wire-d611c627b88b\"\n\t\t\t\n\t\t><div class=\"ow-button-base ow-button-align-center\"\n>\n\t\t\t<a\n\t\t\t\t\thref=\"http:\/\/www.seelenklopfen.de\/index.php\/kontakt\"\n\t\t\t\t\tclass=\"sowb-button ow-icon-placement-left ow-button-hover\" target=\"_blank\" rel=\"noopener noreferrer\" \t>\n\t\t<span>\n\t\t\t<span class=\"sow-icon-icomoon\" data-sow-icon=\"&#xe942;\"\n\t\tstyle=\"color: #dd3333\" \n\t\taria-hidden=\"true\"><\/span>\n\t\t\tJetzt Termin vereinbaren!\t\t<\/span>\n\t\t\t<\/a>\n\t<\/div>\n<\/div><\/div>\n<\/div>\n<div data-title-color=\"#443f3f\" data-headings-color=\"#443f3f\"><\/div>\n<div id=\"panel-901-0-0-2\" class=\"so-panel widget widget_media_image panel-last-child\" data-index=\"2\" data-style=\"{&quot;background_image_attachment&quot;:false,&quot;background_display&quot;:&quot;tile&quot;,&quot;margin&quot;:&quot;30px 30px 30px 30px&quot;,&quot;content_alignment&quot;:&quot;center&quot;,&quot;title_color&quot;:&quot;#443f3f&quot;,&quot;headings_color&quot;:&quot;#443f3f&quot;}\">\n<div class=\"panel-widget-style panel-widget-style-for-901-0-0-2\" style=\"text-align: center;\" data-title-color=\"#443f3f\" data-headings-color=\"#443f3f\"><img loading=\"lazy\" decoding=\"async\" width=\"500\" height=\"343\" src=\"https:\/\/i0.wp.com\/www.seelenklopfen.de\/wp-content\/uploads\/2018\/06\/Krise-Zitat-Schneelandschaft.jpeg?fit=500%2C343&amp;ssl=1\" class=\"image wp-image-2901  attachment-500x343 size-500x343\" alt=\"Eine Krise ist ein produktiver Zustand. Man muss ihr nur den Beigeschmack der Katastrophe nehmen. (Max Frisch)\" style=\"max-width: 100%; height: auto;\" srcset=\"https:\/\/i0.wp.com\/www.seelenklopfen.de\/wp-content\/uploads\/2018\/06\/Krise-Zitat-Schneelandschaft.jpeg?w=1000&amp;ssl=1 1000w, https:\/\/i0.wp.com\/www.seelenklopfen.de\/wp-content\/uploads\/2018\/06\/Krise-Zitat-Schneelandschaft.jpeg?resize=300%2C206&amp;ssl=1 300w, https:\/\/i0.wp.com\/www.seelenklopfen.de\/wp-content\/uploads\/2018\/06\/Krise-Zitat-Schneelandschaft.jpeg?resize=768%2C527&amp;ssl=1 768w, https:\/\/i0.wp.com\/www.seelenklopfen.de\/wp-content\/uploads\/2018\/06\/Krise-Zitat-Schneelandschaft.jpeg?resize=830%2C569&amp;ssl=1 830w, https:\/\/i0.wp.com\/www.seelenklopfen.de\/wp-content\/uploads\/2018\/06\/Krise-Zitat-Schneelandschaft.jpeg?resize=230%2C158&amp;ssl=1 230w, https:\/\/i0.wp.com\/www.seelenklopfen.de\/wp-content\/uploads\/2018\/06\/Krise-Zitat-Schneelandschaft.jpeg?resize=350%2C240&amp;ssl=1 350w, https:\/\/i0.wp.com\/www.seelenklopfen.de\/wp-content\/uploads\/2018\/06\/Krise-Zitat-Schneelandschaft.jpeg?resize=480%2C329&amp;ssl=1 480w\" sizes=\"auto, (max-width: 500px) 100vw, 500px\" \/><\/div>\n<\/div>\n<\/div>\n<\/div>\n<\/div>\n<\/div>\n","protected":false},"excerpt":{"rendered":"<p>Hilfe zur Selbsthilfe Gesund zu werden bedeutet vor allem, wieder in die Selbsterm\u00e4chtigung zu kommen und Verantwortung f\u00fcr das eigene Wohlbefinden zu [&hellip;]<\/p>\n","protected":false},"author":1,"featured_media":0,"parent":0,"menu_order":12,"comment_status":"closed","ping_status":"closed","template":"","meta":{"footnotes":""},"class_list":["post-901","page","type-page","status-publish","hentry"],"jetpack_sharing_enabled":true,"_links":{"self":[{"href":"https:\/\/www.seelenklopfen.de\/index.php\/wp-json\/wp\/v2\/pages\/901","targetHints":{"allow":["GET"]}}],"collection":[{"href":"https:\/\/www.seelenklopfen.de\/index.php\/wp-json\/wp\/v2\/pages"}],"about":[{"href":"https:\/\/www.seelenklopfen.de\/index.php\/wp-json\/wp\/v2\/types\/page"}],"author":[{"embeddable":true,"href":"https:\/\/www.seelenklopfen.de\/index.php\/wp-json\/wp\/v2\/users\/1"}],"replies":[{"embeddable":true,"href":"https:\/\/www.seelenklopfen.de\/index.php\/wp-json\/wp\/v2\/comments?post=901"}],"version-history":[{"count":0,"href":"https:\/\/www.seelenklopfen.de\/index.php\/wp-json\/wp\/v2\/pages\/901\/revisions"}],"wp:attachment":[{"href":"https:\/\/www.seelenklopfen.de\/index.php\/wp-json\/wp\/v2\/media?parent=901"}],"curies":[{"name":"wp","href":"https:\/\/api.w.org\/{rel}","templated":true}]}}